{"id":2316,"date":"2024-11-01T11:11:44","date_gmt":"2024-11-01T11:11:44","guid":{"rendered":"https:\/\/stecvina.com\/?page_id=2316"},"modified":"2025-10-29T08:01:23","modified_gmt":"2025-10-29T08:01:23","slug":"ung-dung","status":"publish","type":"page","link":"https:\/\/stecvina.com\/en\/application\/","title":{"rendered":"Application"},"content":{"rendered":"","protected":false},"excerpt":{"rendered":"","protected":false},"author":3,"featured_media":0,"parent":0,"menu_order":0,"comment_status":"closed","ping_status":"closed","template":"","meta":{"_acf_changed":false,"footnotes":""},"class_list":["post-2316","page","type-page","status-publish","hentry"],"acf":[],"yoast_head":"<!-- This site is optimized with the Yoast SEO plugin v24.4 - https:\/\/yoast.com\/wordpress\/plugins\/seo\/ -->\n<title>S-TEC VINA \u2013 \u1ee8ng d\u1ee5ng h\u1ec7 th\u1ed1ng ch\u1eefa ch\u00e1y kh\u00ed c\u1ee7a ch\u00fang t\u00f4i<\/title>\n<meta name=\"description\" content=\"H\u1ec7 th\u1ed1ng ch\u1eefa ch\u00e1y b\u1eb1ng kh\u00ed \u0111\u01b0\u1ee3c s\u1eed d\u1ee5ng ph\u1ed5 bi\u1ebfn trong c\u00e1c c\u00f4ng tr\u00ecnh ch\u1ee9a nhi\u1ec1u t\u00e0i s\u1ea3n c\u00f3 gi\u00e1 tr\u1ecb nh\u01b0 trung t\u00e2m d\u1eef li\u1ec7u, ph\u00f2ng bi\u1ebfn \u00e1p, b\u1ea3ng \u0111i\u1ec7n,\" \/>\n<meta name=\"robots\" content=\"index, follow, max-snippet:-1, max-image-preview:large, max-video-preview:-1\" \/>\n<link rel=\"canonical\" href=\"https:\/\/stecvina.com\/en\/application\/\" \/>\n<meta property=\"og:locale\" content=\"en_US\" \/>\n<meta property=\"og:type\" content=\"article\" \/>\n<meta property=\"og:title\" content=\"S-TEC VINA \u2013 \u1ee8ng d\u1ee5ng h\u1ec7 th\u1ed1ng ch\u1eefa ch\u00e1y kh\u00ed c\u1ee7a ch\u00fang t\u00f4i\" \/>\n<meta property=\"og:description\" content=\"H\u1ec7 th\u1ed1ng ch\u1eefa ch\u00e1y b\u1eb1ng kh\u00ed \u0111\u01b0\u1ee3c s\u1eed d\u1ee5ng ph\u1ed5 bi\u1ebfn trong c\u00e1c c\u00f4ng tr\u00ecnh ch\u1ee9a nhi\u1ec1u t\u00e0i s\u1ea3n c\u00f3 gi\u00e1 tr\u1ecb nh\u01b0 trung t\u00e2m d\u1eef li\u1ec7u, ph\u00f2ng bi\u1ebfn \u00e1p, b\u1ea3ng \u0111i\u1ec7n,\" \/>\n<meta property=\"og:url\" content=\"https:\/\/stecvina.com\/en\/application\/\" \/>\n<meta property=\"og:site_name\" content=\"stecvina\" \/>\n<meta property=\"article:modified_time\" content=\"2025-10-29T08:01:23+00:00\" \/>\n<meta name=\"twitter:card\" content=\"summary_large_image\" \/>\n<meta name=\"twitter:label1\" content=\"Est. reading time\" \/>\n\t<meta name=\"twitter:data1\" content=\"3 minutes\" \/>\n<script type=\"application\/ld+json\" class=\"yoast-schema-graph\">{\"@context\":\"https:\/\/schema.org\",\"@graph\":[{\"@type\":\"WebPage\",\"@id\":\"https:\/\/stecvina.com\/ung-dung\/\",\"url\":\"https:\/\/stecvina.com\/ung-dung\/\",\"name\":\"S-TEC VINA \u2013 \u1ee8ng d\u1ee5ng h\u1ec7 th\u1ed1ng ch\u1eefa ch\u00e1y kh\u00ed c\u1ee7a ch\u00fang t\u00f4i\",\"isPartOf\":{\"@id\":\"https:\/\/stecvina.com\/#website\"},\"datePublished\":\"2024-11-01T11:11:44+00:00\",\"dateModified\":\"2025-10-29T08:01:23+00:00\",\"description\":\"H\u1ec7 th\u1ed1ng ch\u1eefa ch\u00e1y b\u1eb1ng kh\u00ed \u0111\u01b0\u1ee3c s\u1eed d\u1ee5ng ph\u1ed5 bi\u1ebfn trong c\u00e1c c\u00f4ng tr\u00ecnh ch\u1ee9a nhi\u1ec1u t\u00e0i s\u1ea3n c\u00f3 gi\u00e1 tr\u1ecb nh\u01b0 trung t\u00e2m d\u1eef li\u1ec7u, ph\u00f2ng bi\u1ebfn \u00e1p, b\u1ea3ng \u0111i\u1ec7n,\",\"breadcrumb\":{\"@id\":\"https:\/\/stecvina.com\/ung-dung\/#breadcrumb\"},\"inLanguage\":\"en-US\",\"potentialAction\":[{\"@type\":\"ReadAction\",\"target\":[\"https:\/\/stecvina.com\/ung-dung\/\"]}]},{\"@type\":\"BreadcrumbList\",\"@id\":\"https:\/\/stecvina.com\/ung-dung\/#breadcrumb\",\"itemListElement\":[{\"@type\":\"ListItem\",\"position\":1,\"name\":\"Trang ch\u1ee7\",\"item\":\"https:\/\/stecvina.com\/\"},{\"@type\":\"ListItem\",\"position\":2,\"name\":\"\u1ee8ng d\u1ee5ng\"}]},{\"@type\":\"WebSite\",\"@id\":\"https:\/\/stecvina.com\/#website\",\"url\":\"https:\/\/stecvina.com\/\",\"name\":\"stecvina\",\"description\":\"\",\"potentialAction\":[{\"@type\":\"SearchAction\",\"target\":{\"@type\":\"EntryPoint\",\"urlTemplate\":\"https:\/\/stecvina.com\/?s={search_term_string}\"},\"query-input\":{\"@type\":\"PropertyValueSpecification\",\"valueRequired\":true,\"valueName\":\"search_term_string\"}}],\"inLanguage\":\"en-US\"}]}<\/script>\n<!-- \/ Yoast SEO plugin. -->","yoast_head_json":{"title":"S-TEC VINA \u2013 \u1ee8ng d\u1ee5ng h\u1ec7 th\u1ed1ng ch\u1eefa ch\u00e1y kh\u00ed c\u1ee7a ch\u00fang t\u00f4i","description":"H\u1ec7 th\u1ed1ng ch\u1eefa ch\u00e1y b\u1eb1ng kh\u00ed \u0111\u01b0\u1ee3c s\u1eed d\u1ee5ng ph\u1ed5 bi\u1ebfn trong c\u00e1c c\u00f4ng tr\u00ecnh ch\u1ee9a nhi\u1ec1u t\u00e0i s\u1ea3n c\u00f3 gi\u00e1 tr\u1ecb nh\u01b0 trung t\u00e2m d\u1eef li\u1ec7u, ph\u00f2ng bi\u1ebfn \u00e1p, b\u1ea3ng \u0111i\u1ec7n,","robots":{"index":"index","follow":"follow","max-snippet":"max-snippet:-1","max-image-preview":"max-image-preview:large","max-video-preview":"max-video-preview:-1"},"canonical":"https:\/\/stecvina.com\/en\/application\/","og_locale":"en_US","og_type":"article","og_title":"S-TEC VINA \u2013 \u1ee8ng d\u1ee5ng h\u1ec7 th\u1ed1ng ch\u1eefa ch\u00e1y kh\u00ed c\u1ee7a ch\u00fang t\u00f4i","og_description":"H\u1ec7 th\u1ed1ng ch\u1eefa ch\u00e1y b\u1eb1ng kh\u00ed \u0111\u01b0\u1ee3c s\u1eed d\u1ee5ng ph\u1ed5 bi\u1ebfn trong c\u00e1c c\u00f4ng tr\u00ecnh ch\u1ee9a nhi\u1ec1u t\u00e0i s\u1ea3n c\u00f3 gi\u00e1 tr\u1ecb nh\u01b0 trung t\u00e2m d\u1eef li\u1ec7u, ph\u00f2ng bi\u1ebfn \u00e1p, b\u1ea3ng \u0111i\u1ec7n,","og_url":"https:\/\/stecvina.com\/en\/application\/","og_site_name":"stecvina","article_modified_time":"2025-10-29T08:01:23+00:00","twitter_card":"summary_large_image","twitter_misc":{"Est. reading time":"3 minutes"},"schema":{"@context":"https:\/\/schema.org","@graph":[{"@type":"WebPage","@id":"https:\/\/stecvina.com\/ung-dung\/","url":"https:\/\/stecvina.com\/ung-dung\/","name":"S-TEC VINA \u2013 \u1ee8ng d\u1ee5ng h\u1ec7 th\u1ed1ng ch\u1eefa ch\u00e1y kh\u00ed c\u1ee7a ch\u00fang t\u00f4i","isPartOf":{"@id":"https:\/\/stecvina.com\/#website"},"datePublished":"2024-11-01T11:11:44+00:00","dateModified":"2025-10-29T08:01:23+00:00","description":"H\u1ec7 th\u1ed1ng ch\u1eefa ch\u00e1y b\u1eb1ng kh\u00ed \u0111\u01b0\u1ee3c s\u1eed d\u1ee5ng ph\u1ed5 bi\u1ebfn trong c\u00e1c c\u00f4ng tr\u00ecnh ch\u1ee9a nhi\u1ec1u t\u00e0i s\u1ea3n c\u00f3 gi\u00e1 tr\u1ecb nh\u01b0 trung t\u00e2m d\u1eef li\u1ec7u, ph\u00f2ng bi\u1ebfn \u00e1p, b\u1ea3ng \u0111i\u1ec7n,","breadcrumb":{"@id":"https:\/\/stecvina.com\/ung-dung\/#breadcrumb"},"inLanguage":"en-US","potentialAction":[{"@type":"ReadAction","target":["https:\/\/stecvina.com\/ung-dung\/"]}]},{"@type":"BreadcrumbList","@id":"https:\/\/stecvina.com\/ung-dung\/#breadcrumb","itemListElement":[{"@type":"ListItem","position":1,"name":"Trang ch\u1ee7","item":"https:\/\/stecvina.com\/"},{"@type":"ListItem","position":2,"name":"\u1ee8ng d\u1ee5ng"}]},{"@type":"WebSite","@id":"https:\/\/stecvina.com\/#website","url":"https:\/\/stecvina.com\/","name":"stecvina","description":"","potentialAction":[{"@type":"SearchAction","target":{"@type":"EntryPoint","urlTemplate":"https:\/\/stecvina.com\/?s={search_term_string}"},"query-input":{"@type":"PropertyValueSpecification","valueRequired":true,"valueName":"search_term_string"}}],"inLanguage":"en-US"}]}},"_links":{"self":[{"href":"https:\/\/stecvina.com\/en\/wp-json\/wp\/v2\/pages\/2316","targetHints":{"allow":["GET"]}}],"collection":[{"href":"https:\/\/stecvina.com\/en\/wp-json\/wp\/v2\/pages"}],"about":[{"href":"https:\/\/stecvina.com\/en\/wp-json\/wp\/v2\/types\/page"}],"author":[{"embeddable":true,"href":"https:\/\/stecvina.com\/en\/wp-json\/wp\/v2\/users\/3"}],"replies":[{"embeddable":true,"href":"https:\/\/stecvina.com\/en\/wp-json\/wp\/v2\/comments?post=2316"}],"version-history":[{"count":1,"href":"https:\/\/stecvina.com\/en\/wp-json\/wp\/v2\/pages\/2316\/revisions"}],"predecessor-version":[{"id":29746,"href":"https:\/\/stecvina.com\/en\/wp-json\/wp\/v2\/pages\/2316\/revisions\/29746"}],"wp:attachment":[{"href":"https:\/\/stecvina.com\/en\/wp-json\/wp\/v2\/media?parent=2316"}],"curies":[{"name":"wp","href":"https:\/\/api.w.org\/{rel}","templated":true}]}}