{"id":28035,"date":"2025-02-06T10:57:35","date_gmt":"2025-02-06T10:57:35","guid":{"rendered":"https:\/\/stecvina.com\/?page_id=28035"},"modified":"2025-11-06T07:02:11","modified_gmt":"2025-11-06T07:02:11","slug":"sfs-200-he-thong-chua-chay-bang-khi-hfc-227ea-fm-200","status":"publish","type":"page","link":"https:\/\/stecvina.com\/en\/sfs-200-hfc-227ea-gas-fire-extinguishing-system-fm-200\/","title":{"rendered":"SFS-200 HFC-227ea - Gas fire extinguishing system (FM-200)"},"content":{"rendered":"","protected":false},"excerpt":{"rendered":"","protected":false},"author":3,"featured_media":0,"parent":0,"menu_order":0,"comment_status":"closed","ping_status":"closed","template":"","meta":{"_acf_changed":false,"footnotes":""},"class_list":["post-28035","page","type-page","status-publish","hentry"],"acf":[],"yoast_head":"<!-- This site is optimized with the Yoast SEO plugin v24.4 - https:\/\/yoast.com\/wordpress\/plugins\/seo\/ -->\n<title>S-TEC VINA \u2013 SFS-200: H\u1ec7 th\u1ed1ng ch\u1eefa ch\u00e1y kh\u00ed FM-200<\/title>\n<meta name=\"description\" content=\"H\u1ec7 th\u1ed1ng ch\u1eefa ch\u00e1y t\u1ef1 \u0111\u1ed9ng HFC-227ea hi\u1ec7n \u0111\u1ea1i, d\u00f9ng kh\u00ed s\u1ea1ch Heptafluoropropane \u0111\u1ec3 d\u1eadp ch\u00e1y nhanh ch\u00f3ng, an to\u00e0n v\u00e0 hi\u1ec7u qu\u1ea3.\" \/>\n<meta name=\"robots\" content=\"index, follow, max-snippet:-1, max-image-preview:large, max-video-preview:-1\" \/>\n<link rel=\"canonical\" href=\"https:\/\/stecvina.com\/en\/sfs-200-hfc-227ea-gas-fire-extinguishing-system-fm-200\/\" \/>\n<meta property=\"og:locale\" content=\"en_US\" \/>\n<meta property=\"og:type\" content=\"article\" \/>\n<meta property=\"og:title\" content=\"S-TEC VINA \u2013 SFS-200: H\u1ec7 th\u1ed1ng ch\u1eefa ch\u00e1y kh\u00ed FM-200\" \/>\n<meta property=\"og:description\" content=\"H\u1ec7 th\u1ed1ng ch\u1eefa ch\u00e1y t\u1ef1 \u0111\u1ed9ng HFC-227ea hi\u1ec7n \u0111\u1ea1i, d\u00f9ng kh\u00ed s\u1ea1ch Heptafluoropropane \u0111\u1ec3 d\u1eadp ch\u00e1y nhanh ch\u00f3ng, an to\u00e0n v\u00e0 hi\u1ec7u qu\u1ea3.\" \/>\n<meta property=\"og:url\" content=\"https:\/\/stecvina.com\/en\/sfs-200-hfc-227ea-gas-fire-extinguishing-system-fm-200\/\" \/>\n<meta property=\"og:site_name\" content=\"stecvina\" \/>\n<meta property=\"article:modified_time\" content=\"2025-11-06T07:02:11+00:00\" \/>\n<meta name=\"twitter:card\" content=\"summary_large_image\" \/>\n<meta name=\"twitter:label1\" content=\"Est. reading time\" \/>\n\t<meta name=\"twitter:data1\" content=\"5 minutes\" \/>\n<script type=\"application\/ld+json\" class=\"yoast-schema-graph\">{\"@context\":\"https:\/\/schema.org\",\"@graph\":[{\"@type\":\"WebPage\",\"@id\":\"https:\/\/stecvina.com\/sfs-200-he-thong-chua-chay-bang-khi-hfc-227ea-fm-200\/\",\"url\":\"https:\/\/stecvina.com\/sfs-200-he-thong-chua-chay-bang-khi-hfc-227ea-fm-200\/\",\"name\":\"S-TEC VINA \u2013 SFS-200: H\u1ec7 th\u1ed1ng ch\u1eefa ch\u00e1y kh\u00ed FM-200\",\"isPartOf\":{\"@id\":\"https:\/\/stecvina.com\/#website\"},\"datePublished\":\"2025-02-06T10:57:35+00:00\",\"dateModified\":\"2025-11-06T07:02:11+00:00\",\"description\":\"H\u1ec7 th\u1ed1ng ch\u1eefa ch\u00e1y t\u1ef1 \u0111\u1ed9ng HFC-227ea hi\u1ec7n \u0111\u1ea1i, d\u00f9ng kh\u00ed s\u1ea1ch Heptafluoropropane \u0111\u1ec3 d\u1eadp ch\u00e1y nhanh ch\u00f3ng, an to\u00e0n v\u00e0 hi\u1ec7u qu\u1ea3.\",\"breadcrumb\":{\"@id\":\"https:\/\/stecvina.com\/sfs-200-he-thong-chua-chay-bang-khi-hfc-227ea-fm-200\/#breadcrumb\"},\"inLanguage\":\"en-US\",\"potentialAction\":[{\"@type\":\"ReadAction\",\"target\":[\"https:\/\/stecvina.com\/sfs-200-he-thong-chua-chay-bang-khi-hfc-227ea-fm-200\/\"]}]},{\"@type\":\"BreadcrumbList\",\"@id\":\"https:\/\/stecvina.com\/sfs-200-he-thong-chua-chay-bang-khi-hfc-227ea-fm-200\/#breadcrumb\",\"itemListElement\":[{\"@type\":\"ListItem\",\"position\":1,\"name\":\"Trang ch\u1ee7\",\"item\":\"https:\/\/stecvina.com\/\"},{\"@type\":\"ListItem\",\"position\":2,\"name\":\"SFS-200 H\u1ec7 th\u1ed1ng ch\u1eefa ch\u00e1y b\u1eb1ng kh\u00ed HFC-227ea (FM-200)\"}]},{\"@type\":\"WebSite\",\"@id\":\"https:\/\/stecvina.com\/#website\",\"url\":\"https:\/\/stecvina.com\/\",\"name\":\"stecvina\",\"description\":\"\",\"potentialAction\":[{\"@type\":\"SearchAction\",\"target\":{\"@type\":\"EntryPoint\",\"urlTemplate\":\"https:\/\/stecvina.com\/?s={search_term_string}\"},\"query-input\":{\"@type\":\"PropertyValueSpecification\",\"valueRequired\":true,\"valueName\":\"search_term_string\"}}],\"inLanguage\":\"en-US\"}]}<\/script>\n<!-- \/ Yoast SEO plugin. -->","yoast_head_json":{"title":"S-TEC VINA \u2013 SFS-200: H\u1ec7 th\u1ed1ng ch\u1eefa ch\u00e1y kh\u00ed FM-200","description":"H\u1ec7 th\u1ed1ng ch\u1eefa ch\u00e1y t\u1ef1 \u0111\u1ed9ng HFC-227ea hi\u1ec7n \u0111\u1ea1i, d\u00f9ng kh\u00ed s\u1ea1ch Heptafluoropropane \u0111\u1ec3 d\u1eadp ch\u00e1y nhanh ch\u00f3ng, an to\u00e0n v\u00e0 hi\u1ec7u qu\u1ea3.","robots":{"index":"index","follow":"follow","max-snippet":"max-snippet:-1","max-image-preview":"max-image-preview:large","max-video-preview":"max-video-preview:-1"},"canonical":"https:\/\/stecvina.com\/en\/sfs-200-hfc-227ea-gas-fire-extinguishing-system-fm-200\/","og_locale":"en_US","og_type":"article","og_title":"S-TEC VINA \u2013 SFS-200: H\u1ec7 th\u1ed1ng ch\u1eefa ch\u00e1y kh\u00ed FM-200","og_description":"H\u1ec7 th\u1ed1ng ch\u1eefa ch\u00e1y t\u1ef1 \u0111\u1ed9ng HFC-227ea hi\u1ec7n \u0111\u1ea1i, d\u00f9ng kh\u00ed s\u1ea1ch Heptafluoropropane \u0111\u1ec3 d\u1eadp ch\u00e1y nhanh ch\u00f3ng, an to\u00e0n v\u00e0 hi\u1ec7u qu\u1ea3.","og_url":"https:\/\/stecvina.com\/en\/sfs-200-hfc-227ea-gas-fire-extinguishing-system-fm-200\/","og_site_name":"stecvina","article_modified_time":"2025-11-06T07:02:11+00:00","twitter_card":"summary_large_image","twitter_misc":{"Est. reading time":"5 minutes"},"schema":{"@context":"https:\/\/schema.org","@graph":[{"@type":"WebPage","@id":"https:\/\/stecvina.com\/sfs-200-he-thong-chua-chay-bang-khi-hfc-227ea-fm-200\/","url":"https:\/\/stecvina.com\/sfs-200-he-thong-chua-chay-bang-khi-hfc-227ea-fm-200\/","name":"S-TEC VINA \u2013 SFS-200: H\u1ec7 th\u1ed1ng ch\u1eefa ch\u00e1y kh\u00ed FM-200","isPartOf":{"@id":"https:\/\/stecvina.com\/#website"},"datePublished":"2025-02-06T10:57:35+00:00","dateModified":"2025-11-06T07:02:11+00:00","description":"H\u1ec7 th\u1ed1ng ch\u1eefa ch\u00e1y t\u1ef1 \u0111\u1ed9ng HFC-227ea hi\u1ec7n \u0111\u1ea1i, d\u00f9ng kh\u00ed s\u1ea1ch Heptafluoropropane \u0111\u1ec3 d\u1eadp ch\u00e1y nhanh ch\u00f3ng, an to\u00e0n v\u00e0 hi\u1ec7u qu\u1ea3.","breadcrumb":{"@id":"https:\/\/stecvina.com\/sfs-200-he-thong-chua-chay-bang-khi-hfc-227ea-fm-200\/#breadcrumb"},"inLanguage":"en-US","potentialAction":[{"@type":"ReadAction","target":["https:\/\/stecvina.com\/sfs-200-he-thong-chua-chay-bang-khi-hfc-227ea-fm-200\/"]}]},{"@type":"BreadcrumbList","@id":"https:\/\/stecvina.com\/sfs-200-he-thong-chua-chay-bang-khi-hfc-227ea-fm-200\/#breadcrumb","itemListElement":[{"@type":"ListItem","position":1,"name":"Trang ch\u1ee7","item":"https:\/\/stecvina.com\/"},{"@type":"ListItem","position":2,"name":"SFS-200 H\u1ec7 th\u1ed1ng ch\u1eefa ch\u00e1y b\u1eb1ng kh\u00ed HFC-227ea (FM-200)"}]},{"@type":"WebSite","@id":"https:\/\/stecvina.com\/#website","url":"https:\/\/stecvina.com\/","name":"stecvina","description":"","potentialAction":[{"@type":"SearchAction","target":{"@type":"EntryPoint","urlTemplate":"https:\/\/stecvina.com\/?s={search_term_string}"},"query-input":{"@type":"PropertyValueSpecification","valueRequired":true,"valueName":"search_term_string"}}],"inLanguage":"en-US"}]}},"_links":{"self":[{"href":"https:\/\/stecvina.com\/en\/wp-json\/wp\/v2\/pages\/28035","targetHints":{"allow":["GET"]}}],"collection":[{"href":"https:\/\/stecvina.com\/en\/wp-json\/wp\/v2\/pages"}],"about":[{"href":"https:\/\/stecvina.com\/en\/wp-json\/wp\/v2\/types\/page"}],"author":[{"embeddable":true,"href":"https:\/\/stecvina.com\/en\/wp-json\/wp\/v2\/users\/3"}],"replies":[{"embeddable":true,"href":"https:\/\/stecvina.com\/en\/wp-json\/wp\/v2\/comments?post=28035"}],"version-history":[{"count":13,"href":"https:\/\/stecvina.com\/en\/wp-json\/wp\/v2\/pages\/28035\/revisions"}],"predecessor-version":[{"id":29897,"href":"https:\/\/stecvina.com\/en\/wp-json\/wp\/v2\/pages\/28035\/revisions\/29897"}],"wp:attachment":[{"href":"https:\/\/stecvina.com\/en\/wp-json\/wp\/v2\/media?parent=28035"}],"curies":[{"name":"wp","href":"https:\/\/api.w.org\/{rel}","templated":true}]}}