{"id":2813,"date":"2024-11-09T05:01:06","date_gmt":"2024-11-09T05:01:06","guid":{"rendered":"https:\/\/stecvina.com\/?page_id=2813"},"modified":"2025-11-06T07:21:06","modified_gmt":"2025-11-06T07:21:06","slug":"sns-100-he-thong-chua-chay-bang-khi-ig-100-n2","status":"publish","type":"page","link":"https:\/\/stecvina.com\/en\/sns-100-gas-fire-extinguishing-system-ig-100-n2\/","title":{"rendered":"SNS-100 &#8211; H\u1ec7 th\u1ed1ng ch\u1eefa ch\u00e1y b\u1eb1ng kh\u00ed IG &#8211; 100 (N2)"},"content":{"rendered":"","protected":false},"excerpt":{"rendered":"","protected":false},"author":3,"featured_media":0,"parent":0,"menu_order":0,"comment_status":"closed","ping_status":"closed","template":"","meta":{"_acf_changed":false,"footnotes":""},"class_list":["post-2813","page","type-page","status-publish","hentry"],"acf":[],"yoast_head":"<!-- This site is optimized with the Yoast SEO plugin v24.4 - https:\/\/yoast.com\/wordpress\/plugins\/seo\/ -->\n<title>SNS-100 - H\u1ec7 th\u1ed1ng ch\u1eefa ch\u00e1y b\u1eb1ng kh\u00ed IG - 100 (N2) - stecvina<\/title>\n<meta name=\"description\" content=\"SNS-100 - H\u1ec7 th\u1ed1ng ch\u1eefa ch\u00e1y t\u1ef1 \u0111\u1ed9ng IG-100 hi\u1ec7n \u0111\u1ea1i, d\u00f9ng kh\u00ed Nitrogen (N\u2082) 99.99% tinh khi\u1ebft \u0111\u1ec3 d\u1eadp ch\u00e1y hi\u1ec7u qu\u1ea3, an to\u00e0n v\u00e0 th\u00e2n thi\u1ec7n m\u00f4i tr\u01b0\u1eddng.\" \/>\n<meta name=\"robots\" content=\"index, follow, max-snippet:-1, max-image-preview:large, max-video-preview:-1\" \/>\n<link rel=\"canonical\" href=\"https:\/\/stecvina.com\/en\/sns-100-gas-fire-extinguishing-system-ig-100-n2\/\" \/>\n<meta property=\"og:locale\" content=\"en_US\" \/>\n<meta property=\"og:type\" content=\"article\" \/>\n<meta property=\"og:title\" content=\"SNS-100 - H\u1ec7 th\u1ed1ng ch\u1eefa ch\u00e1y b\u1eb1ng kh\u00ed IG - 100 (N2) - stecvina\" \/>\n<meta property=\"og:description\" content=\"SNS-100 - H\u1ec7 th\u1ed1ng ch\u1eefa ch\u00e1y t\u1ef1 \u0111\u1ed9ng IG-100 hi\u1ec7n \u0111\u1ea1i, d\u00f9ng kh\u00ed Nitrogen (N\u2082) 99.99% tinh khi\u1ebft \u0111\u1ec3 d\u1eadp ch\u00e1y hi\u1ec7u qu\u1ea3, an to\u00e0n v\u00e0 th\u00e2n thi\u1ec7n m\u00f4i tr\u01b0\u1eddng.\" \/>\n<meta property=\"og:url\" content=\"https:\/\/stecvina.com\/en\/sns-100-gas-fire-extinguishing-system-ig-100-n2\/\" \/>\n<meta property=\"og:site_name\" content=\"stecvina\" \/>\n<meta property=\"article:modified_time\" content=\"2025-11-06T07:21:06+00:00\" \/>\n<meta name=\"twitter:card\" content=\"summary_large_image\" \/>\n<meta name=\"twitter:label1\" content=\"Est. reading time\" \/>\n\t<meta name=\"twitter:data1\" content=\"6 minutes\" \/>\n<script type=\"application\/ld+json\" class=\"yoast-schema-graph\">{\"@context\":\"https:\/\/schema.org\",\"@graph\":[{\"@type\":\"WebPage\",\"@id\":\"https:\/\/stecvina.com\/sns-100-he-thong-chua-chay-bang-khi-ig-100-n2\/\",\"url\":\"https:\/\/stecvina.com\/sns-100-he-thong-chua-chay-bang-khi-ig-100-n2\/\",\"name\":\"SNS-100 - H\u1ec7 th\u1ed1ng ch\u1eefa ch\u00e1y b\u1eb1ng kh\u00ed IG - 100 (N2) - stecvina\",\"isPartOf\":{\"@id\":\"https:\/\/stecvina.com\/#website\"},\"datePublished\":\"2024-11-09T05:01:06+00:00\",\"dateModified\":\"2025-11-06T07:21:06+00:00\",\"description\":\"SNS-100 - H\u1ec7 th\u1ed1ng ch\u1eefa ch\u00e1y t\u1ef1 \u0111\u1ed9ng IG-100 hi\u1ec7n \u0111\u1ea1i, d\u00f9ng kh\u00ed Nitrogen (N\u2082) 99.99% tinh khi\u1ebft \u0111\u1ec3 d\u1eadp ch\u00e1y hi\u1ec7u qu\u1ea3, an to\u00e0n v\u00e0 th\u00e2n thi\u1ec7n m\u00f4i tr\u01b0\u1eddng.\",\"breadcrumb\":{\"@id\":\"https:\/\/stecvina.com\/sns-100-he-thong-chua-chay-bang-khi-ig-100-n2\/#breadcrumb\"},\"inLanguage\":\"en-US\",\"potentialAction\":[{\"@type\":\"ReadAction\",\"target\":[\"https:\/\/stecvina.com\/sns-100-he-thong-chua-chay-bang-khi-ig-100-n2\/\"]}]},{\"@type\":\"BreadcrumbList\",\"@id\":\"https:\/\/stecvina.com\/sns-100-he-thong-chua-chay-bang-khi-ig-100-n2\/#breadcrumb\",\"itemListElement\":[{\"@type\":\"ListItem\",\"position\":1,\"name\":\"Trang ch\u1ee7\",\"item\":\"https:\/\/stecvina.com\/\"},{\"@type\":\"ListItem\",\"position\":2,\"name\":\"SNS-100 &#8211; H\u1ec7 th\u1ed1ng ch\u1eefa ch\u00e1y b\u1eb1ng kh\u00ed IG &#8211; 100 (N2)\"}]},{\"@type\":\"WebSite\",\"@id\":\"https:\/\/stecvina.com\/#website\",\"url\":\"https:\/\/stecvina.com\/\",\"name\":\"stecvina\",\"description\":\"\",\"potentialAction\":[{\"@type\":\"SearchAction\",\"target\":{\"@type\":\"EntryPoint\",\"urlTemplate\":\"https:\/\/stecvina.com\/?s={search_term_string}\"},\"query-input\":{\"@type\":\"PropertyValueSpecification\",\"valueRequired\":true,\"valueName\":\"search_term_string\"}}],\"inLanguage\":\"en-US\"}]}<\/script>\n<!-- \/ Yoast SEO plugin. -->","yoast_head_json":{"title":"SNS-100 - H\u1ec7 th\u1ed1ng ch\u1eefa ch\u00e1y b\u1eb1ng kh\u00ed IG - 100 (N2) - stecvina","description":"SNS-100 - H\u1ec7 th\u1ed1ng ch\u1eefa ch\u00e1y t\u1ef1 \u0111\u1ed9ng IG-100 hi\u1ec7n \u0111\u1ea1i, d\u00f9ng kh\u00ed Nitrogen (N\u2082) 99.99% tinh khi\u1ebft \u0111\u1ec3 d\u1eadp ch\u00e1y hi\u1ec7u qu\u1ea3, an to\u00e0n v\u00e0 th\u00e2n thi\u1ec7n m\u00f4i tr\u01b0\u1eddng.","robots":{"index":"index","follow":"follow","max-snippet":"max-snippet:-1","max-image-preview":"max-image-preview:large","max-video-preview":"max-video-preview:-1"},"canonical":"https:\/\/stecvina.com\/en\/sns-100-gas-fire-extinguishing-system-ig-100-n2\/","og_locale":"en_US","og_type":"article","og_title":"SNS-100 - H\u1ec7 th\u1ed1ng ch\u1eefa ch\u00e1y b\u1eb1ng kh\u00ed IG - 100 (N2) - stecvina","og_description":"SNS-100 - H\u1ec7 th\u1ed1ng ch\u1eefa ch\u00e1y t\u1ef1 \u0111\u1ed9ng IG-100 hi\u1ec7n \u0111\u1ea1i, d\u00f9ng kh\u00ed Nitrogen (N\u2082) 99.99% tinh khi\u1ebft \u0111\u1ec3 d\u1eadp ch\u00e1y hi\u1ec7u qu\u1ea3, an to\u00e0n v\u00e0 th\u00e2n thi\u1ec7n m\u00f4i tr\u01b0\u1eddng.","og_url":"https:\/\/stecvina.com\/en\/sns-100-gas-fire-extinguishing-system-ig-100-n2\/","og_site_name":"stecvina","article_modified_time":"2025-11-06T07:21:06+00:00","twitter_card":"summary_large_image","twitter_misc":{"Est. reading time":"6 minutes"},"schema":{"@context":"https:\/\/schema.org","@graph":[{"@type":"WebPage","@id":"https:\/\/stecvina.com\/sns-100-he-thong-chua-chay-bang-khi-ig-100-n2\/","url":"https:\/\/stecvina.com\/sns-100-he-thong-chua-chay-bang-khi-ig-100-n2\/","name":"SNS-100 - H\u1ec7 th\u1ed1ng ch\u1eefa ch\u00e1y b\u1eb1ng kh\u00ed IG - 100 (N2) - stecvina","isPartOf":{"@id":"https:\/\/stecvina.com\/#website"},"datePublished":"2024-11-09T05:01:06+00:00","dateModified":"2025-11-06T07:21:06+00:00","description":"SNS-100 - H\u1ec7 th\u1ed1ng ch\u1eefa ch\u00e1y t\u1ef1 \u0111\u1ed9ng IG-100 hi\u1ec7n \u0111\u1ea1i, d\u00f9ng kh\u00ed Nitrogen (N\u2082) 99.99% tinh khi\u1ebft \u0111\u1ec3 d\u1eadp ch\u00e1y hi\u1ec7u qu\u1ea3, an to\u00e0n v\u00e0 th\u00e2n thi\u1ec7n m\u00f4i tr\u01b0\u1eddng.","breadcrumb":{"@id":"https:\/\/stecvina.com\/sns-100-he-thong-chua-chay-bang-khi-ig-100-n2\/#breadcrumb"},"inLanguage":"en-US","potentialAction":[{"@type":"ReadAction","target":["https:\/\/stecvina.com\/sns-100-he-thong-chua-chay-bang-khi-ig-100-n2\/"]}]},{"@type":"BreadcrumbList","@id":"https:\/\/stecvina.com\/sns-100-he-thong-chua-chay-bang-khi-ig-100-n2\/#breadcrumb","itemListElement":[{"@type":"ListItem","position":1,"name":"Trang ch\u1ee7","item":"https:\/\/stecvina.com\/"},{"@type":"ListItem","position":2,"name":"SNS-100 &#8211; H\u1ec7 th\u1ed1ng ch\u1eefa ch\u00e1y b\u1eb1ng kh\u00ed IG &#8211; 100 (N2)"}]},{"@type":"WebSite","@id":"https:\/\/stecvina.com\/#website","url":"https:\/\/stecvina.com\/","name":"stecvina","description":"","potentialAction":[{"@type":"SearchAction","target":{"@type":"EntryPoint","urlTemplate":"https:\/\/stecvina.com\/?s={search_term_string}"},"query-input":{"@type":"PropertyValueSpecification","valueRequired":true,"valueName":"search_term_string"}}],"inLanguage":"en-US"}]}},"_links":{"self":[{"href":"https:\/\/stecvina.com\/en\/wp-json\/wp\/v2\/pages\/2813","targetHints":{"allow":["GET"]}}],"collection":[{"href":"https:\/\/stecvina.com\/en\/wp-json\/wp\/v2\/pages"}],"about":[{"href":"https:\/\/stecvina.com\/en\/wp-json\/wp\/v2\/types\/page"}],"author":[{"embeddable":true,"href":"https:\/\/stecvina.com\/en\/wp-json\/wp\/v2\/users\/3"}],"replies":[{"embeddable":true,"href":"https:\/\/stecvina.com\/en\/wp-json\/wp\/v2\/comments?post=2813"}],"version-history":[{"count":13,"href":"https:\/\/stecvina.com\/en\/wp-json\/wp\/v2\/pages\/2813\/revisions"}],"predecessor-version":[{"id":29911,"href":"https:\/\/stecvina.com\/en\/wp-json\/wp\/v2\/pages\/2813\/revisions\/29911"}],"wp:attachment":[{"href":"https:\/\/stecvina.com\/en\/wp-json\/wp\/v2\/media?parent=2813"}],"curies":[{"name":"wp","href":"https:\/\/api.w.org\/{rel}","templated":true}]}}