{"id":2923,"date":"2024-11-11T04:23:45","date_gmt":"2024-11-11T04:23:45","guid":{"rendered":"https:\/\/stecvina.com\/?page_id=2923"},"modified":"2025-11-08T08:06:20","modified_gmt":"2025-11-08T08:06:20","slug":"binh-chua-chay-xach-tay-cacbon-dioxit-co2","status":"publish","type":"page","link":"https:\/\/stecvina.com\/en\/portable-carbon-dioxide-estinguisher\/","title":{"rendered":"Portable Carbon Dioxide (CO2) Fire Extinguisher"},"content":{"rendered":"","protected":false},"excerpt":{"rendered":"","protected":false},"author":3,"featured_media":0,"parent":0,"menu_order":0,"comment_status":"closed","ping_status":"closed","template":"","meta":{"_acf_changed":false,"footnotes":""},"class_list":["post-2923","page","type-page","status-publish","hentry"],"acf":[],"yoast_head":"<!-- This site is optimized with the Yoast SEO plugin v24.4 - https:\/\/yoast.com\/wordpress\/plugins\/seo\/ -->\n<title>B\u00ecnh ch\u1eefa ch\u00e1y x\u00e1ch tay Cacbon dioxit (CO2) - stecvina<\/title>\n<meta name=\"description\" content=\"B\u00ecnh ch\u1eefa ch\u00e1y x\u00e1ch tay Cacbon dioxit (CO2) l\u00e0 b\u00ecnh ch\u1eefa ch\u00e1y g\u1ed1c n\u01b0\u1edbc thi\u1ebft k\u1ebf nh\u1ecf g\u1ecdn \u0111\u01b0\u1ee3c s\u1ea3n xu\u1ea5t theo c\u00f4ng ngh\u1ec7 Nh\u1eadt B\u1ea3n v\u00e0 d\u00e2y chuy\u1ec1n chu\u1ea9n ch\u00e2u \u00c2u\" \/>\n<meta name=\"robots\" content=\"index, follow, max-snippet:-1, max-image-preview:large, max-video-preview:-1\" \/>\n<link rel=\"canonical\" href=\"https:\/\/stecvina.com\/en\/portable-carbon-dioxide-estinguisher\/\" \/>\n<meta property=\"og:locale\" content=\"en_US\" \/>\n<meta property=\"og:type\" content=\"article\" \/>\n<meta property=\"og:title\" content=\"B\u00ecnh ch\u1eefa ch\u00e1y x\u00e1ch tay Cacbon dioxit (CO2) - stecvina\" \/>\n<meta property=\"og:description\" content=\"B\u00ecnh ch\u1eefa ch\u00e1y x\u00e1ch tay Cacbon dioxit (CO2) l\u00e0 b\u00ecnh ch\u1eefa ch\u00e1y g\u1ed1c n\u01b0\u1edbc thi\u1ebft k\u1ebf nh\u1ecf g\u1ecdn \u0111\u01b0\u1ee3c s\u1ea3n xu\u1ea5t theo c\u00f4ng ngh\u1ec7 Nh\u1eadt B\u1ea3n v\u00e0 d\u00e2y chuy\u1ec1n chu\u1ea9n ch\u00e2u \u00c2u\" \/>\n<meta property=\"og:url\" content=\"https:\/\/stecvina.com\/en\/portable-carbon-dioxide-estinguisher\/\" \/>\n<meta property=\"og:site_name\" content=\"stecvina\" \/>\n<meta property=\"article:modified_time\" content=\"2025-11-08T08:06:20+00:00\" \/>\n<meta name=\"twitter:card\" content=\"summary_large_image\" \/>\n<meta name=\"twitter:label1\" content=\"Est. reading time\" \/>\n\t<meta name=\"twitter:data1\" content=\"6 minutes\" \/>\n<script type=\"application\/ld+json\" class=\"yoast-schema-graph\">{\"@context\":\"https:\/\/schema.org\",\"@graph\":[{\"@type\":\"WebPage\",\"@id\":\"https:\/\/stecvina.com\/binh-chua-chay-xach-tay-cacbon-dioxit-co2\/\",\"url\":\"https:\/\/stecvina.com\/binh-chua-chay-xach-tay-cacbon-dioxit-co2\/\",\"name\":\"B\u00ecnh ch\u1eefa ch\u00e1y x\u00e1ch tay Cacbon dioxit (CO2) - stecvina\",\"isPartOf\":{\"@id\":\"https:\/\/stecvina.com\/#website\"},\"datePublished\":\"2024-11-11T04:23:45+00:00\",\"dateModified\":\"2025-11-08T08:06:20+00:00\",\"description\":\"B\u00ecnh ch\u1eefa ch\u00e1y x\u00e1ch tay Cacbon dioxit (CO2) l\u00e0 b\u00ecnh ch\u1eefa ch\u00e1y g\u1ed1c n\u01b0\u1edbc thi\u1ebft k\u1ebf nh\u1ecf g\u1ecdn \u0111\u01b0\u1ee3c s\u1ea3n xu\u1ea5t theo c\u00f4ng ngh\u1ec7 Nh\u1eadt B\u1ea3n v\u00e0 d\u00e2y chuy\u1ec1n chu\u1ea9n ch\u00e2u \u00c2u\",\"breadcrumb\":{\"@id\":\"https:\/\/stecvina.com\/binh-chua-chay-xach-tay-cacbon-dioxit-co2\/#breadcrumb\"},\"inLanguage\":\"en-US\",\"potentialAction\":[{\"@type\":\"ReadAction\",\"target\":[\"https:\/\/stecvina.com\/binh-chua-chay-xach-tay-cacbon-dioxit-co2\/\"]}]},{\"@type\":\"BreadcrumbList\",\"@id\":\"https:\/\/stecvina.com\/binh-chua-chay-xach-tay-cacbon-dioxit-co2\/#breadcrumb\",\"itemListElement\":[{\"@type\":\"ListItem\",\"position\":1,\"name\":\"Trang ch\u1ee7\",\"item\":\"https:\/\/stecvina.com\/\"},{\"@type\":\"ListItem\",\"position\":2,\"name\":\"B\u00ecnh ch\u1eefa ch\u00e1y x\u00e1ch tay Cacbon dioxit (CO2)\"}]},{\"@type\":\"WebSite\",\"@id\":\"https:\/\/stecvina.com\/#website\",\"url\":\"https:\/\/stecvina.com\/\",\"name\":\"stecvina\",\"description\":\"\",\"potentialAction\":[{\"@type\":\"SearchAction\",\"target\":{\"@type\":\"EntryPoint\",\"urlTemplate\":\"https:\/\/stecvina.com\/?s={search_term_string}\"},\"query-input\":{\"@type\":\"PropertyValueSpecification\",\"valueRequired\":true,\"valueName\":\"search_term_string\"}}],\"inLanguage\":\"en-US\"}]}<\/script>\n<!-- \/ Yoast SEO plugin. -->","yoast_head_json":{"title":"B\u00ecnh ch\u1eefa ch\u00e1y x\u00e1ch tay Cacbon dioxit (CO2) - stecvina","description":"B\u00ecnh ch\u1eefa ch\u00e1y x\u00e1ch tay Cacbon dioxit (CO2) l\u00e0 b\u00ecnh ch\u1eefa ch\u00e1y g\u1ed1c n\u01b0\u1edbc thi\u1ebft k\u1ebf nh\u1ecf g\u1ecdn \u0111\u01b0\u1ee3c s\u1ea3n xu\u1ea5t theo c\u00f4ng ngh\u1ec7 Nh\u1eadt B\u1ea3n v\u00e0 d\u00e2y chuy\u1ec1n chu\u1ea9n ch\u00e2u \u00c2u","robots":{"index":"index","follow":"follow","max-snippet":"max-snippet:-1","max-image-preview":"max-image-preview:large","max-video-preview":"max-video-preview:-1"},"canonical":"https:\/\/stecvina.com\/en\/portable-carbon-dioxide-estinguisher\/","og_locale":"en_US","og_type":"article","og_title":"B\u00ecnh ch\u1eefa ch\u00e1y x\u00e1ch tay Cacbon dioxit (CO2) - stecvina","og_description":"B\u00ecnh ch\u1eefa ch\u00e1y x\u00e1ch tay Cacbon dioxit (CO2) l\u00e0 b\u00ecnh ch\u1eefa ch\u00e1y g\u1ed1c n\u01b0\u1edbc thi\u1ebft k\u1ebf nh\u1ecf g\u1ecdn \u0111\u01b0\u1ee3c s\u1ea3n xu\u1ea5t theo c\u00f4ng ngh\u1ec7 Nh\u1eadt B\u1ea3n v\u00e0 d\u00e2y chuy\u1ec1n chu\u1ea9n ch\u00e2u \u00c2u","og_url":"https:\/\/stecvina.com\/en\/portable-carbon-dioxide-estinguisher\/","og_site_name":"stecvina","article_modified_time":"2025-11-08T08:06:20+00:00","twitter_card":"summary_large_image","twitter_misc":{"Est. reading time":"6 minutes"},"schema":{"@context":"https:\/\/schema.org","@graph":[{"@type":"WebPage","@id":"https:\/\/stecvina.com\/binh-chua-chay-xach-tay-cacbon-dioxit-co2\/","url":"https:\/\/stecvina.com\/binh-chua-chay-xach-tay-cacbon-dioxit-co2\/","name":"B\u00ecnh ch\u1eefa ch\u00e1y x\u00e1ch tay Cacbon dioxit (CO2) - stecvina","isPartOf":{"@id":"https:\/\/stecvina.com\/#website"},"datePublished":"2024-11-11T04:23:45+00:00","dateModified":"2025-11-08T08:06:20+00:00","description":"B\u00ecnh ch\u1eefa ch\u00e1y x\u00e1ch tay Cacbon dioxit (CO2) l\u00e0 b\u00ecnh ch\u1eefa ch\u00e1y g\u1ed1c n\u01b0\u1edbc thi\u1ebft k\u1ebf nh\u1ecf g\u1ecdn \u0111\u01b0\u1ee3c s\u1ea3n xu\u1ea5t theo c\u00f4ng ngh\u1ec7 Nh\u1eadt B\u1ea3n v\u00e0 d\u00e2y chuy\u1ec1n chu\u1ea9n ch\u00e2u \u00c2u","breadcrumb":{"@id":"https:\/\/stecvina.com\/binh-chua-chay-xach-tay-cacbon-dioxit-co2\/#breadcrumb"},"inLanguage":"en-US","potentialAction":[{"@type":"ReadAction","target":["https:\/\/stecvina.com\/binh-chua-chay-xach-tay-cacbon-dioxit-co2\/"]}]},{"@type":"BreadcrumbList","@id":"https:\/\/stecvina.com\/binh-chua-chay-xach-tay-cacbon-dioxit-co2\/#breadcrumb","itemListElement":[{"@type":"ListItem","position":1,"name":"Trang ch\u1ee7","item":"https:\/\/stecvina.com\/"},{"@type":"ListItem","position":2,"name":"B\u00ecnh ch\u1eefa ch\u00e1y x\u00e1ch tay Cacbon dioxit (CO2)"}]},{"@type":"WebSite","@id":"https:\/\/stecvina.com\/#website","url":"https:\/\/stecvina.com\/","name":"stecvina","description":"","potentialAction":[{"@type":"SearchAction","target":{"@type":"EntryPoint","urlTemplate":"https:\/\/stecvina.com\/?s={search_term_string}"},"query-input":{"@type":"PropertyValueSpecification","valueRequired":true,"valueName":"search_term_string"}}],"inLanguage":"en-US"}]}},"_links":{"self":[{"href":"https:\/\/stecvina.com\/en\/wp-json\/wp\/v2\/pages\/2923","targetHints":{"allow":["GET"]}}],"collection":[{"href":"https:\/\/stecvina.com\/en\/wp-json\/wp\/v2\/pages"}],"about":[{"href":"https:\/\/stecvina.com\/en\/wp-json\/wp\/v2\/types\/page"}],"author":[{"embeddable":true,"href":"https:\/\/stecvina.com\/en\/wp-json\/wp\/v2\/users\/3"}],"replies":[{"embeddable":true,"href":"https:\/\/stecvina.com\/en\/wp-json\/wp\/v2\/comments?post=2923"}],"version-history":[{"count":15,"href":"https:\/\/stecvina.com\/en\/wp-json\/wp\/v2\/pages\/2923\/revisions"}],"predecessor-version":[{"id":29992,"href":"https:\/\/stecvina.com\/en\/wp-json\/wp\/v2\/pages\/2923\/revisions\/29992"}],"wp:attachment":[{"href":"https:\/\/stecvina.com\/en\/wp-json\/wp\/v2\/media?parent=2923"}],"curies":[{"name":"wp","href":"https:\/\/api.w.org\/{rel}","templated":true}]}}