{"id":2991,"date":"2024-11-11T07:25:01","date_gmt":"2024-11-11T07:25:01","guid":{"rendered":"https:\/\/stecvina.com\/?page_id=2991"},"modified":"2025-09-24T06:48:15","modified_gmt":"2025-09-24T06:48:15","slug":"s-500-binh-chua-chay-mini","status":"publish","type":"page","link":"https:\/\/stecvina.com\/en\/s-500-mini-fire-extinguisher\/","title":{"rendered":"S-500 Mini Fire Extinguisher"},"content":{"rendered":"","protected":false},"excerpt":{"rendered":"","protected":false},"author":3,"featured_media":0,"parent":0,"menu_order":0,"comment_status":"closed","ping_status":"closed","template":"","meta":{"_acf_changed":false,"footnotes":""},"class_list":["post-2991","page","type-page","status-publish","hentry"],"acf":[],"yoast_head":"<!-- This site is optimized with the Yoast SEO plugin v24.4 - https:\/\/yoast.com\/wordpress\/plugins\/seo\/ -->\n<title>S-500 B\u00ecnh ch\u1eefa ch\u00e1y mini - stecvina<\/title>\n<meta name=\"description\" content=\"B\u00ecnh ch\u1eefa ch\u00e1y mini S-500 c\u1ee7a S-TEC VINA s\u1eed d\u1ee5ng ch\u1ea5t ch\u1eefa ch\u00e1y g\u1ed1c n\u01b0\u1edbc, mang l\u1ea1i hi\u1ec7u qu\u1ea3 d\u1eadp l\u1eeda nhanh ch\u00f3ng v\u00e0 th\u00e2n thi\u1ec7n v\u1edbi m\u00f4i tr\u01b0\u1eddng.\" \/>\n<meta name=\"robots\" content=\"index, follow, max-snippet:-1, max-image-preview:large, max-video-preview:-1\" \/>\n<link rel=\"canonical\" href=\"https:\/\/stecvina.com\/en\/s-500-mini-fire-extinguisher\/\" \/>\n<meta property=\"og:locale\" content=\"en_US\" \/>\n<meta property=\"og:type\" content=\"article\" \/>\n<meta property=\"og:title\" content=\"S-500 B\u00ecnh ch\u1eefa ch\u00e1y mini - stecvina\" \/>\n<meta property=\"og:description\" content=\"B\u00ecnh ch\u1eefa ch\u00e1y mini S-500 c\u1ee7a S-TEC VINA s\u1eed d\u1ee5ng ch\u1ea5t ch\u1eefa ch\u00e1y g\u1ed1c n\u01b0\u1edbc, mang l\u1ea1i hi\u1ec7u qu\u1ea3 d\u1eadp l\u1eeda nhanh ch\u00f3ng v\u00e0 th\u00e2n thi\u1ec7n v\u1edbi m\u00f4i tr\u01b0\u1eddng.\" \/>\n<meta property=\"og:url\" content=\"https:\/\/stecvina.com\/en\/s-500-mini-fire-extinguisher\/\" \/>\n<meta property=\"og:site_name\" content=\"stecvina\" \/>\n<meta property=\"article:modified_time\" content=\"2025-09-24T06:48:15+00:00\" \/>\n<meta name=\"twitter:card\" content=\"summary_large_image\" \/>\n<meta name=\"twitter:label1\" content=\"Est. reading time\" \/>\n\t<meta name=\"twitter:data1\" content=\"6 minutes\" \/>\n<script type=\"application\/ld+json\" class=\"yoast-schema-graph\">{\"@context\":\"https:\/\/schema.org\",\"@graph\":[{\"@type\":\"WebPage\",\"@id\":\"https:\/\/stecvina.com\/s-500-binh-chua-chay-mini\/\",\"url\":\"https:\/\/stecvina.com\/s-500-binh-chua-chay-mini\/\",\"name\":\"S-500 B\u00ecnh ch\u1eefa ch\u00e1y mini - stecvina\",\"isPartOf\":{\"@id\":\"https:\/\/stecvina.com\/#website\"},\"datePublished\":\"2024-11-11T07:25:01+00:00\",\"dateModified\":\"2025-09-24T06:48:15+00:00\",\"description\":\"B\u00ecnh ch\u1eefa ch\u00e1y mini S-500 c\u1ee7a S-TEC VINA s\u1eed d\u1ee5ng ch\u1ea5t ch\u1eefa ch\u00e1y g\u1ed1c n\u01b0\u1edbc, mang l\u1ea1i hi\u1ec7u qu\u1ea3 d\u1eadp l\u1eeda nhanh ch\u00f3ng v\u00e0 th\u00e2n thi\u1ec7n v\u1edbi m\u00f4i tr\u01b0\u1eddng.\",\"breadcrumb\":{\"@id\":\"https:\/\/stecvina.com\/s-500-binh-chua-chay-mini\/#breadcrumb\"},\"inLanguage\":\"en-US\",\"potentialAction\":[{\"@type\":\"ReadAction\",\"target\":[\"https:\/\/stecvina.com\/s-500-binh-chua-chay-mini\/\"]}]},{\"@type\":\"BreadcrumbList\",\"@id\":\"https:\/\/stecvina.com\/s-500-binh-chua-chay-mini\/#breadcrumb\",\"itemListElement\":[{\"@type\":\"ListItem\",\"position\":1,\"name\":\"Trang ch\u1ee7\",\"item\":\"https:\/\/stecvina.com\/\"},{\"@type\":\"ListItem\",\"position\":2,\"name\":\"S-500 B\u00ecnh ch\u1eefa ch\u00e1y mini\"}]},{\"@type\":\"WebSite\",\"@id\":\"https:\/\/stecvina.com\/#website\",\"url\":\"https:\/\/stecvina.com\/\",\"name\":\"stecvina\",\"description\":\"\",\"potentialAction\":[{\"@type\":\"SearchAction\",\"target\":{\"@type\":\"EntryPoint\",\"urlTemplate\":\"https:\/\/stecvina.com\/?s={search_term_string}\"},\"query-input\":{\"@type\":\"PropertyValueSpecification\",\"valueRequired\":true,\"valueName\":\"search_term_string\"}}],\"inLanguage\":\"en-US\"}]}<\/script>\n<!-- \/ Yoast SEO plugin. -->","yoast_head_json":{"title":"S-500 B\u00ecnh ch\u1eefa ch\u00e1y mini - stecvina","description":"B\u00ecnh ch\u1eefa ch\u00e1y mini S-500 c\u1ee7a S-TEC VINA s\u1eed d\u1ee5ng ch\u1ea5t ch\u1eefa ch\u00e1y g\u1ed1c n\u01b0\u1edbc, mang l\u1ea1i hi\u1ec7u qu\u1ea3 d\u1eadp l\u1eeda nhanh ch\u00f3ng v\u00e0 th\u00e2n thi\u1ec7n v\u1edbi m\u00f4i tr\u01b0\u1eddng.","robots":{"index":"index","follow":"follow","max-snippet":"max-snippet:-1","max-image-preview":"max-image-preview:large","max-video-preview":"max-video-preview:-1"},"canonical":"https:\/\/stecvina.com\/en\/s-500-mini-fire-extinguisher\/","og_locale":"en_US","og_type":"article","og_title":"S-500 B\u00ecnh ch\u1eefa ch\u00e1y mini - stecvina","og_description":"B\u00ecnh ch\u1eefa ch\u00e1y mini S-500 c\u1ee7a S-TEC VINA s\u1eed d\u1ee5ng ch\u1ea5t ch\u1eefa ch\u00e1y g\u1ed1c n\u01b0\u1edbc, mang l\u1ea1i hi\u1ec7u qu\u1ea3 d\u1eadp l\u1eeda nhanh ch\u00f3ng v\u00e0 th\u00e2n thi\u1ec7n v\u1edbi m\u00f4i tr\u01b0\u1eddng.","og_url":"https:\/\/stecvina.com\/en\/s-500-mini-fire-extinguisher\/","og_site_name":"stecvina","article_modified_time":"2025-09-24T06:48:15+00:00","twitter_card":"summary_large_image","twitter_misc":{"Est. reading time":"6 minutes"},"schema":{"@context":"https:\/\/schema.org","@graph":[{"@type":"WebPage","@id":"https:\/\/stecvina.com\/s-500-binh-chua-chay-mini\/","url":"https:\/\/stecvina.com\/s-500-binh-chua-chay-mini\/","name":"S-500 B\u00ecnh ch\u1eefa ch\u00e1y mini - stecvina","isPartOf":{"@id":"https:\/\/stecvina.com\/#website"},"datePublished":"2024-11-11T07:25:01+00:00","dateModified":"2025-09-24T06:48:15+00:00","description":"B\u00ecnh ch\u1eefa ch\u00e1y mini S-500 c\u1ee7a S-TEC VINA s\u1eed d\u1ee5ng ch\u1ea5t ch\u1eefa ch\u00e1y g\u1ed1c n\u01b0\u1edbc, mang l\u1ea1i hi\u1ec7u qu\u1ea3 d\u1eadp l\u1eeda nhanh ch\u00f3ng v\u00e0 th\u00e2n thi\u1ec7n v\u1edbi m\u00f4i tr\u01b0\u1eddng.","breadcrumb":{"@id":"https:\/\/stecvina.com\/s-500-binh-chua-chay-mini\/#breadcrumb"},"inLanguage":"en-US","potentialAction":[{"@type":"ReadAction","target":["https:\/\/stecvina.com\/s-500-binh-chua-chay-mini\/"]}]},{"@type":"BreadcrumbList","@id":"https:\/\/stecvina.com\/s-500-binh-chua-chay-mini\/#breadcrumb","itemListElement":[{"@type":"ListItem","position":1,"name":"Trang ch\u1ee7","item":"https:\/\/stecvina.com\/"},{"@type":"ListItem","position":2,"name":"S-500 B\u00ecnh ch\u1eefa ch\u00e1y mini"}]},{"@type":"WebSite","@id":"https:\/\/stecvina.com\/#website","url":"https:\/\/stecvina.com\/","name":"stecvina","description":"","potentialAction":[{"@type":"SearchAction","target":{"@type":"EntryPoint","urlTemplate":"https:\/\/stecvina.com\/?s={search_term_string}"},"query-input":{"@type":"PropertyValueSpecification","valueRequired":true,"valueName":"search_term_string"}}],"inLanguage":"en-US"}]}},"_links":{"self":[{"href":"https:\/\/stecvina.com\/en\/wp-json\/wp\/v2\/pages\/2991","targetHints":{"allow":["GET"]}}],"collection":[{"href":"https:\/\/stecvina.com\/en\/wp-json\/wp\/v2\/pages"}],"about":[{"href":"https:\/\/stecvina.com\/en\/wp-json\/wp\/v2\/types\/page"}],"author":[{"embeddable":true,"href":"https:\/\/stecvina.com\/en\/wp-json\/wp\/v2\/users\/3"}],"replies":[{"embeddable":true,"href":"https:\/\/stecvina.com\/en\/wp-json\/wp\/v2\/comments?post=2991"}],"version-history":[{"count":2,"href":"https:\/\/stecvina.com\/en\/wp-json\/wp\/v2\/pages\/2991\/revisions"}],"predecessor-version":[{"id":29686,"href":"https:\/\/stecvina.com\/en\/wp-json\/wp\/v2\/pages\/2991\/revisions\/29686"}],"wp:attachment":[{"href":"https:\/\/stecvina.com\/en\/wp-json\/wp\/v2\/media?parent=2991"}],"curies":[{"name":"wp","href":"https:\/\/api.w.org\/{rel}","templated":true}]}}