{"id":305,"date":"2024-08-12T08:49:45","date_gmt":"2024-08-12T08:49:45","guid":{"rendered":"https:\/\/stecvina.com\/?page_id=305"},"modified":"2025-11-06T05:32:26","modified_gmt":"2025-11-06T05:32:26","slug":"https-stecvina-com-trang-chu","status":"publish","type":"page","link":"https:\/\/stecvina.com\/en\/","title":{"rendered":"Home"},"content":{"rendered":"","protected":false},"excerpt":{"rendered":"","protected":false},"author":3,"featured_media":0,"parent":0,"menu_order":0,"comment_status":"closed","ping_status":"closed","template":"","meta":{"_acf_changed":false,"footnotes":""},"class_list":["post-305","page","type-page","status-publish","hentry"],"acf":[],"yoast_head":"<!-- This site is optimized with the Yoast SEO plugin v24.4 - https:\/\/yoast.com\/wordpress\/plugins\/seo\/ -->\n<title>Gi\u1ea3i Ph\u00e1p PCCC Chuy\u00ean Nghi\u1ec7p | H\u1ec7 th\u1ed1ng Ch\u1eefa Ch\u00e1y Kh\u00ed S\u1ea1ch<\/title>\n<meta name=\"description\" content=\"S-TEC VINA l\u00e0 c\u00f4ng ty chuy\u00ean s\u1ea3n xu\u1ea5t h\u1ec7 th\u1ed1ng ch\u1eefa ch\u00e1y b\u1eb1ng kh\u00ed, bao g\u1ed3m HFC-227ea(FM-200), IG-100, IG-55, IG-541, FK-5-1-12 ( NOVEC 1230tm), CO2.\" \/>\n<meta name=\"robots\" content=\"index, follow, max-snippet:-1, max-image-preview:large, max-video-preview:-1\" \/>\n<link rel=\"canonical\" href=\"https:\/\/stecvina.com\/en\/\" \/>\n<meta property=\"og:locale\" content=\"en_US\" \/>\n<meta property=\"og:type\" content=\"article\" \/>\n<meta property=\"og:title\" content=\"Gi\u1ea3i Ph\u00e1p PCCC Chuy\u00ean Nghi\u1ec7p | H\u1ec7 th\u1ed1ng Ch\u1eefa Ch\u00e1y Kh\u00ed S\u1ea1ch\" \/>\n<meta property=\"og:description\" content=\"S-TEC VINA l\u00e0 c\u00f4ng ty chuy\u00ean s\u1ea3n xu\u1ea5t h\u1ec7 th\u1ed1ng ch\u1eefa ch\u00e1y b\u1eb1ng kh\u00ed, bao g\u1ed3m HFC-227ea(FM-200), IG-100, IG-55, IG-541, FK-5-1-12 ( NOVEC 1230tm), CO2.\" \/>\n<meta property=\"og:url\" content=\"https:\/\/stecvina.com\/en\/\" \/>\n<meta property=\"og:site_name\" content=\"stecvina\" \/>\n<meta property=\"article:modified_time\" content=\"2025-11-06T05:32:26+00:00\" \/>\n<meta name=\"twitter:card\" content=\"summary_large_image\" \/>\n<meta name=\"twitter:label1\" content=\"Est. reading time\" \/>\n\t<meta name=\"twitter:data1\" content=\"10 minutes\" \/>\n<script type=\"application\/ld+json\" class=\"yoast-schema-graph\">{\"@context\":\"https:\/\/schema.org\",\"@graph\":[{\"@type\":\"WebPage\",\"@id\":\"https:\/\/stecvina.com\/\",\"url\":\"https:\/\/stecvina.com\/\",\"name\":\"Gi\u1ea3i Ph\u00e1p PCCC Chuy\u00ean Nghi\u1ec7p | H\u1ec7 th\u1ed1ng Ch\u1eefa Ch\u00e1y Kh\u00ed S\u1ea1ch\",\"isPartOf\":{\"@id\":\"https:\/\/stecvina.com\/#website\"},\"datePublished\":\"2024-08-12T08:49:45+00:00\",\"dateModified\":\"2025-11-06T05:32:26+00:00\",\"description\":\"S-TEC VINA l\u00e0 c\u00f4ng ty chuy\u00ean s\u1ea3n xu\u1ea5t h\u1ec7 th\u1ed1ng ch\u1eefa ch\u00e1y b\u1eb1ng kh\u00ed, bao g\u1ed3m HFC-227ea(FM-200), IG-100, IG-55, IG-541, FK-5-1-12 ( NOVEC 1230tm), CO2.\",\"breadcrumb\":{\"@id\":\"https:\/\/stecvina.com\/#breadcrumb\"},\"inLanguage\":\"en-US\",\"potentialAction\":[{\"@type\":\"ReadAction\",\"target\":[\"https:\/\/stecvina.com\/\"]}]},{\"@type\":\"BreadcrumbList\",\"@id\":\"https:\/\/stecvina.com\/#breadcrumb\",\"itemListElement\":[{\"@type\":\"ListItem\",\"position\":1,\"name\":\"Trang ch\u1ee7\",\"item\":\"https:\/\/stecvina.com\/\"},{\"@type\":\"ListItem\",\"position\":2,\"name\":\"Home\"}]},{\"@type\":\"WebSite\",\"@id\":\"https:\/\/stecvina.com\/#website\",\"url\":\"https:\/\/stecvina.com\/\",\"name\":\"stecvina\",\"description\":\"\",\"potentialAction\":[{\"@type\":\"SearchAction\",\"target\":{\"@type\":\"EntryPoint\",\"urlTemplate\":\"https:\/\/stecvina.com\/?s={search_term_string}\"},\"query-input\":{\"@type\":\"PropertyValueSpecification\",\"valueRequired\":true,\"valueName\":\"search_term_string\"}}],\"inLanguage\":\"en-US\"}]}<\/script>\n<!-- \/ Yoast SEO plugin. -->","yoast_head_json":{"title":"Gi\u1ea3i Ph\u00e1p PCCC Chuy\u00ean Nghi\u1ec7p | H\u1ec7 th\u1ed1ng Ch\u1eefa Ch\u00e1y Kh\u00ed S\u1ea1ch","description":"S-TEC VINA l\u00e0 c\u00f4ng ty chuy\u00ean s\u1ea3n xu\u1ea5t h\u1ec7 th\u1ed1ng ch\u1eefa ch\u00e1y b\u1eb1ng kh\u00ed, bao g\u1ed3m HFC-227ea(FM-200), IG-100, IG-55, IG-541, FK-5-1-12 ( NOVEC 1230tm), CO2.","robots":{"index":"index","follow":"follow","max-snippet":"max-snippet:-1","max-image-preview":"max-image-preview:large","max-video-preview":"max-video-preview:-1"},"canonical":"https:\/\/stecvina.com\/en\/","og_locale":"en_US","og_type":"article","og_title":"Gi\u1ea3i Ph\u00e1p PCCC Chuy\u00ean Nghi\u1ec7p | H\u1ec7 th\u1ed1ng Ch\u1eefa Ch\u00e1y Kh\u00ed S\u1ea1ch","og_description":"S-TEC VINA l\u00e0 c\u00f4ng ty chuy\u00ean s\u1ea3n xu\u1ea5t h\u1ec7 th\u1ed1ng ch\u1eefa ch\u00e1y b\u1eb1ng kh\u00ed, bao g\u1ed3m HFC-227ea(FM-200), IG-100, IG-55, IG-541, FK-5-1-12 ( NOVEC 1230tm), CO2.","og_url":"https:\/\/stecvina.com\/en\/","og_site_name":"stecvina","article_modified_time":"2025-11-06T05:32:26+00:00","twitter_card":"summary_large_image","twitter_misc":{"Est. reading time":"10 minutes"},"schema":{"@context":"https:\/\/schema.org","@graph":[{"@type":"WebPage","@id":"https:\/\/stecvina.com\/","url":"https:\/\/stecvina.com\/","name":"Gi\u1ea3i Ph\u00e1p PCCC Chuy\u00ean Nghi\u1ec7p | H\u1ec7 th\u1ed1ng Ch\u1eefa Ch\u00e1y Kh\u00ed S\u1ea1ch","isPartOf":{"@id":"https:\/\/stecvina.com\/#website"},"datePublished":"2024-08-12T08:49:45+00:00","dateModified":"2025-11-06T05:32:26+00:00","description":"S-TEC VINA l\u00e0 c\u00f4ng ty chuy\u00ean s\u1ea3n xu\u1ea5t h\u1ec7 th\u1ed1ng ch\u1eefa ch\u00e1y b\u1eb1ng kh\u00ed, bao g\u1ed3m HFC-227ea(FM-200), IG-100, IG-55, IG-541, FK-5-1-12 ( NOVEC 1230tm), CO2.","breadcrumb":{"@id":"https:\/\/stecvina.com\/#breadcrumb"},"inLanguage":"en-US","potentialAction":[{"@type":"ReadAction","target":["https:\/\/stecvina.com\/"]}]},{"@type":"BreadcrumbList","@id":"https:\/\/stecvina.com\/#breadcrumb","itemListElement":[{"@type":"ListItem","position":1,"name":"Trang ch\u1ee7","item":"https:\/\/stecvina.com\/"},{"@type":"ListItem","position":2,"name":"Home"}]},{"@type":"WebSite","@id":"https:\/\/stecvina.com\/#website","url":"https:\/\/stecvina.com\/","name":"stecvina","description":"","potentialAction":[{"@type":"SearchAction","target":{"@type":"EntryPoint","urlTemplate":"https:\/\/stecvina.com\/?s={search_term_string}"},"query-input":{"@type":"PropertyValueSpecification","valueRequired":true,"valueName":"search_term_string"}}],"inLanguage":"en-US"}]}},"_links":{"self":[{"href":"https:\/\/stecvina.com\/en\/wp-json\/wp\/v2\/pages\/305","targetHints":{"allow":["GET"]}}],"collection":[{"href":"https:\/\/stecvina.com\/en\/wp-json\/wp\/v2\/pages"}],"about":[{"href":"https:\/\/stecvina.com\/en\/wp-json\/wp\/v2\/types\/page"}],"author":[{"embeddable":true,"href":"https:\/\/stecvina.com\/en\/wp-json\/wp\/v2\/users\/3"}],"replies":[{"embeddable":true,"href":"https:\/\/stecvina.com\/en\/wp-json\/wp\/v2\/comments?post=305"}],"version-history":[{"count":66,"href":"https:\/\/stecvina.com\/en\/wp-json\/wp\/v2\/pages\/305\/revisions"}],"predecessor-version":[{"id":29881,"href":"https:\/\/stecvina.com\/en\/wp-json\/wp\/v2\/pages\/305\/revisions\/29881"}],"wp:attachment":[{"href":"https:\/\/stecvina.com\/en\/wp-json\/wp\/v2\/media?parent=305"}],"curies":[{"name":"wp","href":"https:\/\/api.w.org\/{rel}","templated":true}]}}