{"id":3068,"date":"2024-11-12T06:15:03","date_gmt":"2024-11-12T06:15:03","guid":{"rendered":"https:\/\/stecvina.com\/?page_id=3068"},"modified":"2025-09-19T10:16:01","modified_gmt":"2025-09-19T10:16:01","slug":"san-pham-oem","status":"publish","type":"page","link":"https:\/\/stecvina.com\/en\/oem-products\/","title":{"rendered":"OEM Products"},"content":{"rendered":"","protected":false},"excerpt":{"rendered":"","protected":false},"author":3,"featured_media":0,"parent":0,"menu_order":0,"comment_status":"closed","ping_status":"closed","template":"","meta":{"_acf_changed":false,"footnotes":""},"class_list":["post-3068","page","type-page","status-publish","hentry"],"acf":[],"yoast_head":"<!-- This site is optimized with the Yoast SEO plugin v24.4 - https:\/\/yoast.com\/wordpress\/plugins\/seo\/ -->\n<title>S\u1ea3n ph\u1ea9m b\u00ecnh ch\u1eefa ch\u00e1y d\u00e2n d\u1ee5ng S-TEC VINA<\/title>\n<meta name=\"description\" content=\"S-TEC VINA c\u00f2n cung c\u1ea5p \u0111a d\u1ea1ng c\u00e1c s\u1ea3n ph\u1ea9m OEM d\u00e2n d\u1ee5ng s\u1ea3n xu\u1ea5t d\u00e2y chuy\u1ec1n ch\u00e2u \u00c2u, \u0111\u1ea3m b\u1ea3o \u0111a d\u1ea1ng h\u00f3a kh\u1ea3 n\u0103ng \u0111\u00e1p \u1ee9ng nhu c\u1ea7u cho kh\u00e1ch h\u00e0ng.\" \/>\n<meta name=\"robots\" content=\"index, follow, max-snippet:-1, max-image-preview:large, max-video-preview:-1\" \/>\n<link rel=\"canonical\" href=\"https:\/\/stecvina.com\/en\/oem-products\/\" \/>\n<meta property=\"og:locale\" content=\"en_US\" \/>\n<meta property=\"og:type\" content=\"article\" \/>\n<meta property=\"og:title\" content=\"S\u1ea3n ph\u1ea9m b\u00ecnh ch\u1eefa ch\u00e1y d\u00e2n d\u1ee5ng S-TEC VINA\" \/>\n<meta property=\"og:description\" content=\"S-TEC VINA c\u00f2n cung c\u1ea5p \u0111a d\u1ea1ng c\u00e1c s\u1ea3n ph\u1ea9m OEM d\u00e2n d\u1ee5ng s\u1ea3n xu\u1ea5t d\u00e2y chuy\u1ec1n ch\u00e2u \u00c2u, \u0111\u1ea3m b\u1ea3o \u0111a d\u1ea1ng h\u00f3a kh\u1ea3 n\u0103ng \u0111\u00e1p \u1ee9ng nhu c\u1ea7u cho kh\u00e1ch h\u00e0ng.\" \/>\n<meta property=\"og:url\" content=\"https:\/\/stecvina.com\/en\/oem-products\/\" \/>\n<meta property=\"og:site_name\" content=\"stecvina\" \/>\n<meta property=\"article:modified_time\" content=\"2025-09-19T10:16:01+00:00\" \/>\n<meta name=\"twitter:card\" content=\"summary_large_image\" \/>\n<meta name=\"twitter:label1\" content=\"Est. reading time\" \/>\n\t<meta name=\"twitter:data1\" content=\"2 minutes\" \/>\n<script type=\"application\/ld+json\" class=\"yoast-schema-graph\">{\"@context\":\"https:\/\/schema.org\",\"@graph\":[{\"@type\":\"WebPage\",\"@id\":\"https:\/\/stecvina.com\/san-pham-oem\/\",\"url\":\"https:\/\/stecvina.com\/san-pham-oem\/\",\"name\":\"S\u1ea3n ph\u1ea9m b\u00ecnh ch\u1eefa ch\u00e1y d\u00e2n d\u1ee5ng S-TEC VINA\",\"isPartOf\":{\"@id\":\"https:\/\/stecvina.com\/#website\"},\"datePublished\":\"2024-11-12T06:15:03+00:00\",\"dateModified\":\"2025-09-19T10:16:01+00:00\",\"description\":\"S-TEC VINA c\u00f2n cung c\u1ea5p \u0111a d\u1ea1ng c\u00e1c s\u1ea3n ph\u1ea9m OEM d\u00e2n d\u1ee5ng s\u1ea3n xu\u1ea5t d\u00e2y chuy\u1ec1n ch\u00e2u \u00c2u, \u0111\u1ea3m b\u1ea3o \u0111a d\u1ea1ng h\u00f3a kh\u1ea3 n\u0103ng \u0111\u00e1p \u1ee9ng nhu c\u1ea7u cho kh\u00e1ch h\u00e0ng.\",\"breadcrumb\":{\"@id\":\"https:\/\/stecvina.com\/san-pham-oem\/#breadcrumb\"},\"inLanguage\":\"en-US\",\"potentialAction\":[{\"@type\":\"ReadAction\",\"target\":[\"https:\/\/stecvina.com\/san-pham-oem\/\"]}]},{\"@type\":\"BreadcrumbList\",\"@id\":\"https:\/\/stecvina.com\/san-pham-oem\/#breadcrumb\",\"itemListElement\":[{\"@type\":\"ListItem\",\"position\":1,\"name\":\"Trang ch\u1ee7\",\"item\":\"https:\/\/stecvina.com\/\"},{\"@type\":\"ListItem\",\"position\":2,\"name\":\"S\u1ea3n ph\u1ea9m OEM\"}]},{\"@type\":\"WebSite\",\"@id\":\"https:\/\/stecvina.com\/#website\",\"url\":\"https:\/\/stecvina.com\/\",\"name\":\"stecvina\",\"description\":\"\",\"potentialAction\":[{\"@type\":\"SearchAction\",\"target\":{\"@type\":\"EntryPoint\",\"urlTemplate\":\"https:\/\/stecvina.com\/?s={search_term_string}\"},\"query-input\":{\"@type\":\"PropertyValueSpecification\",\"valueRequired\":true,\"valueName\":\"search_term_string\"}}],\"inLanguage\":\"en-US\"}]}<\/script>\n<!-- \/ Yoast SEO plugin. -->","yoast_head_json":{"title":"S\u1ea3n ph\u1ea9m b\u00ecnh ch\u1eefa ch\u00e1y d\u00e2n d\u1ee5ng S-TEC VINA","description":"S-TEC VINA c\u00f2n cung c\u1ea5p \u0111a d\u1ea1ng c\u00e1c s\u1ea3n ph\u1ea9m OEM d\u00e2n d\u1ee5ng s\u1ea3n xu\u1ea5t d\u00e2y chuy\u1ec1n ch\u00e2u \u00c2u, \u0111\u1ea3m b\u1ea3o \u0111a d\u1ea1ng h\u00f3a kh\u1ea3 n\u0103ng \u0111\u00e1p \u1ee9ng nhu c\u1ea7u cho kh\u00e1ch h\u00e0ng.","robots":{"index":"index","follow":"follow","max-snippet":"max-snippet:-1","max-image-preview":"max-image-preview:large","max-video-preview":"max-video-preview:-1"},"canonical":"https:\/\/stecvina.com\/en\/oem-products\/","og_locale":"en_US","og_type":"article","og_title":"S\u1ea3n ph\u1ea9m b\u00ecnh ch\u1eefa ch\u00e1y d\u00e2n d\u1ee5ng S-TEC VINA","og_description":"S-TEC VINA c\u00f2n cung c\u1ea5p \u0111a d\u1ea1ng c\u00e1c s\u1ea3n ph\u1ea9m OEM d\u00e2n d\u1ee5ng s\u1ea3n xu\u1ea5t d\u00e2y chuy\u1ec1n ch\u00e2u \u00c2u, \u0111\u1ea3m b\u1ea3o \u0111a d\u1ea1ng h\u00f3a kh\u1ea3 n\u0103ng \u0111\u00e1p \u1ee9ng nhu c\u1ea7u cho kh\u00e1ch h\u00e0ng.","og_url":"https:\/\/stecvina.com\/en\/oem-products\/","og_site_name":"stecvina","article_modified_time":"2025-09-19T10:16:01+00:00","twitter_card":"summary_large_image","twitter_misc":{"Est. reading time":"2 minutes"},"schema":{"@context":"https:\/\/schema.org","@graph":[{"@type":"WebPage","@id":"https:\/\/stecvina.com\/san-pham-oem\/","url":"https:\/\/stecvina.com\/san-pham-oem\/","name":"S\u1ea3n ph\u1ea9m b\u00ecnh ch\u1eefa ch\u00e1y d\u00e2n d\u1ee5ng S-TEC VINA","isPartOf":{"@id":"https:\/\/stecvina.com\/#website"},"datePublished":"2024-11-12T06:15:03+00:00","dateModified":"2025-09-19T10:16:01+00:00","description":"S-TEC VINA c\u00f2n cung c\u1ea5p \u0111a d\u1ea1ng c\u00e1c s\u1ea3n ph\u1ea9m OEM d\u00e2n d\u1ee5ng s\u1ea3n xu\u1ea5t d\u00e2y chuy\u1ec1n ch\u00e2u \u00c2u, \u0111\u1ea3m b\u1ea3o \u0111a d\u1ea1ng h\u00f3a kh\u1ea3 n\u0103ng \u0111\u00e1p \u1ee9ng nhu c\u1ea7u cho kh\u00e1ch h\u00e0ng.","breadcrumb":{"@id":"https:\/\/stecvina.com\/san-pham-oem\/#breadcrumb"},"inLanguage":"en-US","potentialAction":[{"@type":"ReadAction","target":["https:\/\/stecvina.com\/san-pham-oem\/"]}]},{"@type":"BreadcrumbList","@id":"https:\/\/stecvina.com\/san-pham-oem\/#breadcrumb","itemListElement":[{"@type":"ListItem","position":1,"name":"Trang ch\u1ee7","item":"https:\/\/stecvina.com\/"},{"@type":"ListItem","position":2,"name":"S\u1ea3n ph\u1ea9m OEM"}]},{"@type":"WebSite","@id":"https:\/\/stecvina.com\/#website","url":"https:\/\/stecvina.com\/","name":"stecvina","description":"","potentialAction":[{"@type":"SearchAction","target":{"@type":"EntryPoint","urlTemplate":"https:\/\/stecvina.com\/?s={search_term_string}"},"query-input":{"@type":"PropertyValueSpecification","valueRequired":true,"valueName":"search_term_string"}}],"inLanguage":"en-US"}]}},"_links":{"self":[{"href":"https:\/\/stecvina.com\/en\/wp-json\/wp\/v2\/pages\/3068","targetHints":{"allow":["GET"]}}],"collection":[{"href":"https:\/\/stecvina.com\/en\/wp-json\/wp\/v2\/pages"}],"about":[{"href":"https:\/\/stecvina.com\/en\/wp-json\/wp\/v2\/types\/page"}],"author":[{"embeddable":true,"href":"https:\/\/stecvina.com\/en\/wp-json\/wp\/v2\/users\/3"}],"replies":[{"embeddable":true,"href":"https:\/\/stecvina.com\/en\/wp-json\/wp\/v2\/comments?post=3068"}],"version-history":[{"count":3,"href":"https:\/\/stecvina.com\/en\/wp-json\/wp\/v2\/pages\/3068\/revisions"}],"predecessor-version":[{"id":29620,"href":"https:\/\/stecvina.com\/en\/wp-json\/wp\/v2\/pages\/3068\/revisions\/29620"}],"wp:attachment":[{"href":"https:\/\/stecvina.com\/en\/wp-json\/wp\/v2\/media?parent=3068"}],"curies":[{"name":"wp","href":"https:\/\/api.w.org\/{rel}","templated":true}]}}