{"id":3456,"date":"2024-11-15T10:16:21","date_gmt":"2024-11-15T10:16:21","guid":{"rendered":"https:\/\/stecvina.com\/?page_id=3456"},"modified":"2025-04-29T05:48:54","modified_gmt":"2025-04-29T05:48:54","slug":"nha-may-phat-trien-nang-luong-trina-solar","status":"publish","type":"page","link":"https:\/\/stecvina.com\/en\/trina-solar-solar-power-plant\/","title":{"rendered":"Trina Solar (Vietnam) Science &amp; Technology Company Limited"},"content":{"rendered":"","protected":false},"excerpt":{"rendered":"","protected":false},"author":3,"featured_media":0,"parent":0,"menu_order":0,"comment_status":"closed","ping_status":"closed","template":"","meta":{"_acf_changed":false,"footnotes":""},"class_list":["post-3456","page","type-page","status-publish","hentry"],"acf":[],"yoast_head":"<!-- This site is optimized with the Yoast SEO plugin v24.4 - https:\/\/yoast.com\/wordpress\/plugins\/seo\/ -->\n<title>Nh\u00e0 m\u00e1y ph\u00e1t tri\u1ec3n n\u0103ng l\u01b0\u1ee3ng Trina Solar - stecvina<\/title>\n<meta name=\"description\" content=\"S-TEC VINA l\u1eafp \u0111\u1eb7t h\u1ec7 th\u1ed1ng ch\u1eefa ch\u00e1y kh\u00ed g\u1ed3m 18 b\u00ecnh kh\u00ed HFC-227ea (FM-200), 888 b\u00ecnh kh\u00ed CO2, 44 b\u00ecnh t\u1ef1 \u0111\u1ed9ng k\u00edch ho\u1ea1t SMS-227 cho Nh\u00e0 m\u00e1y Trina Solar\" \/>\n<meta name=\"robots\" content=\"index, follow, max-snippet:-1, max-image-preview:large, max-video-preview:-1\" \/>\n<link rel=\"canonical\" href=\"https:\/\/stecvina.com\/en\/trina-solar-solar-power-plant\/\" \/>\n<meta property=\"og:locale\" content=\"en_US\" \/>\n<meta property=\"og:type\" content=\"article\" \/>\n<meta property=\"og:title\" content=\"Nh\u00e0 m\u00e1y ph\u00e1t tri\u1ec3n n\u0103ng l\u01b0\u1ee3ng Trina Solar - stecvina\" \/>\n<meta property=\"og:description\" content=\"S-TEC VINA l\u1eafp \u0111\u1eb7t h\u1ec7 th\u1ed1ng ch\u1eefa ch\u00e1y kh\u00ed g\u1ed3m 18 b\u00ecnh kh\u00ed HFC-227ea (FM-200), 888 b\u00ecnh kh\u00ed CO2, 44 b\u00ecnh t\u1ef1 \u0111\u1ed9ng k\u00edch ho\u1ea1t SMS-227 cho Nh\u00e0 m\u00e1y Trina Solar\" \/>\n<meta property=\"og:url\" content=\"https:\/\/stecvina.com\/en\/trina-solar-solar-power-plant\/\" \/>\n<meta property=\"og:site_name\" content=\"stecvina\" \/>\n<meta property=\"article:modified_time\" content=\"2025-04-29T05:48:54+00:00\" \/>\n<meta name=\"twitter:card\" content=\"summary_large_image\" \/>\n<meta name=\"twitter:label1\" content=\"Est. reading time\" \/>\n\t<meta name=\"twitter:data1\" content=\"2 minutes\" \/>\n<script type=\"application\/ld+json\" class=\"yoast-schema-graph\">{\"@context\":\"https:\/\/schema.org\",\"@graph\":[{\"@type\":\"WebPage\",\"@id\":\"https:\/\/stecvina.com\/nha-may-phat-trien-nang-luong-trina-solar\/\",\"url\":\"https:\/\/stecvina.com\/nha-may-phat-trien-nang-luong-trina-solar\/\",\"name\":\"Nh\u00e0 m\u00e1y ph\u00e1t tri\u1ec3n n\u0103ng l\u01b0\u1ee3ng Trina Solar - stecvina\",\"isPartOf\":{\"@id\":\"https:\/\/stecvina.com\/#website\"},\"datePublished\":\"2024-11-15T10:16:21+00:00\",\"dateModified\":\"2025-04-29T05:48:54+00:00\",\"description\":\"S-TEC VINA l\u1eafp \u0111\u1eb7t h\u1ec7 th\u1ed1ng ch\u1eefa ch\u00e1y kh\u00ed g\u1ed3m 18 b\u00ecnh kh\u00ed HFC-227ea (FM-200), 888 b\u00ecnh kh\u00ed CO2, 44 b\u00ecnh t\u1ef1 \u0111\u1ed9ng k\u00edch ho\u1ea1t SMS-227 cho Nh\u00e0 m\u00e1y Trina Solar\",\"breadcrumb\":{\"@id\":\"https:\/\/stecvina.com\/nha-may-phat-trien-nang-luong-trina-solar\/#breadcrumb\"},\"inLanguage\":\"en-US\",\"potentialAction\":[{\"@type\":\"ReadAction\",\"target\":[\"https:\/\/stecvina.com\/nha-may-phat-trien-nang-luong-trina-solar\/\"]}]},{\"@type\":\"BreadcrumbList\",\"@id\":\"https:\/\/stecvina.com\/nha-may-phat-trien-nang-luong-trina-solar\/#breadcrumb\",\"itemListElement\":[{\"@type\":\"ListItem\",\"position\":1,\"name\":\"Trang ch\u1ee7\",\"item\":\"https:\/\/stecvina.com\/\"},{\"@type\":\"ListItem\",\"position\":2,\"name\":\"Nh\u00e0 m\u00e1y ph\u00e1t tri\u1ec3n n\u0103ng l\u01b0\u1ee3ng Trina Solar\"}]},{\"@type\":\"WebSite\",\"@id\":\"https:\/\/stecvina.com\/#website\",\"url\":\"https:\/\/stecvina.com\/\",\"name\":\"stecvina\",\"description\":\"\",\"potentialAction\":[{\"@type\":\"SearchAction\",\"target\":{\"@type\":\"EntryPoint\",\"urlTemplate\":\"https:\/\/stecvina.com\/?s={search_term_string}\"},\"query-input\":{\"@type\":\"PropertyValueSpecification\",\"valueRequired\":true,\"valueName\":\"search_term_string\"}}],\"inLanguage\":\"en-US\"}]}<\/script>\n<!-- \/ Yoast SEO plugin. -->","yoast_head_json":{"title":"Nh\u00e0 m\u00e1y ph\u00e1t tri\u1ec3n n\u0103ng l\u01b0\u1ee3ng Trina Solar - stecvina","description":"S-TEC VINA l\u1eafp \u0111\u1eb7t h\u1ec7 th\u1ed1ng ch\u1eefa ch\u00e1y kh\u00ed g\u1ed3m 18 b\u00ecnh kh\u00ed HFC-227ea (FM-200), 888 b\u00ecnh kh\u00ed CO2, 44 b\u00ecnh t\u1ef1 \u0111\u1ed9ng k\u00edch ho\u1ea1t SMS-227 cho Nh\u00e0 m\u00e1y Trina Solar","robots":{"index":"index","follow":"follow","max-snippet":"max-snippet:-1","max-image-preview":"max-image-preview:large","max-video-preview":"max-video-preview:-1"},"canonical":"https:\/\/stecvina.com\/en\/trina-solar-solar-power-plant\/","og_locale":"en_US","og_type":"article","og_title":"Nh\u00e0 m\u00e1y ph\u00e1t tri\u1ec3n n\u0103ng l\u01b0\u1ee3ng Trina Solar - stecvina","og_description":"S-TEC VINA l\u1eafp \u0111\u1eb7t h\u1ec7 th\u1ed1ng ch\u1eefa ch\u00e1y kh\u00ed g\u1ed3m 18 b\u00ecnh kh\u00ed HFC-227ea (FM-200), 888 b\u00ecnh kh\u00ed CO2, 44 b\u00ecnh t\u1ef1 \u0111\u1ed9ng k\u00edch ho\u1ea1t SMS-227 cho Nh\u00e0 m\u00e1y Trina Solar","og_url":"https:\/\/stecvina.com\/en\/trina-solar-solar-power-plant\/","og_site_name":"stecvina","article_modified_time":"2025-04-29T05:48:54+00:00","twitter_card":"summary_large_image","twitter_misc":{"Est. reading time":"2 minutes"},"schema":{"@context":"https:\/\/schema.org","@graph":[{"@type":"WebPage","@id":"https:\/\/stecvina.com\/nha-may-phat-trien-nang-luong-trina-solar\/","url":"https:\/\/stecvina.com\/nha-may-phat-trien-nang-luong-trina-solar\/","name":"Nh\u00e0 m\u00e1y ph\u00e1t tri\u1ec3n n\u0103ng l\u01b0\u1ee3ng Trina Solar - stecvina","isPartOf":{"@id":"https:\/\/stecvina.com\/#website"},"datePublished":"2024-11-15T10:16:21+00:00","dateModified":"2025-04-29T05:48:54+00:00","description":"S-TEC VINA l\u1eafp \u0111\u1eb7t h\u1ec7 th\u1ed1ng ch\u1eefa ch\u00e1y kh\u00ed g\u1ed3m 18 b\u00ecnh kh\u00ed HFC-227ea (FM-200), 888 b\u00ecnh kh\u00ed CO2, 44 b\u00ecnh t\u1ef1 \u0111\u1ed9ng k\u00edch ho\u1ea1t SMS-227 cho Nh\u00e0 m\u00e1y Trina Solar","breadcrumb":{"@id":"https:\/\/stecvina.com\/nha-may-phat-trien-nang-luong-trina-solar\/#breadcrumb"},"inLanguage":"en-US","potentialAction":[{"@type":"ReadAction","target":["https:\/\/stecvina.com\/nha-may-phat-trien-nang-luong-trina-solar\/"]}]},{"@type":"BreadcrumbList","@id":"https:\/\/stecvina.com\/nha-may-phat-trien-nang-luong-trina-solar\/#breadcrumb","itemListElement":[{"@type":"ListItem","position":1,"name":"Trang ch\u1ee7","item":"https:\/\/stecvina.com\/"},{"@type":"ListItem","position":2,"name":"Nh\u00e0 m\u00e1y ph\u00e1t tri\u1ec3n n\u0103ng l\u01b0\u1ee3ng Trina Solar"}]},{"@type":"WebSite","@id":"https:\/\/stecvina.com\/#website","url":"https:\/\/stecvina.com\/","name":"stecvina","description":"","potentialAction":[{"@type":"SearchAction","target":{"@type":"EntryPoint","urlTemplate":"https:\/\/stecvina.com\/?s={search_term_string}"},"query-input":{"@type":"PropertyValueSpecification","valueRequired":true,"valueName":"search_term_string"}}],"inLanguage":"en-US"}]}},"_links":{"self":[{"href":"https:\/\/stecvina.com\/en\/wp-json\/wp\/v2\/pages\/3456","targetHints":{"allow":["GET"]}}],"collection":[{"href":"https:\/\/stecvina.com\/en\/wp-json\/wp\/v2\/pages"}],"about":[{"href":"https:\/\/stecvina.com\/en\/wp-json\/wp\/v2\/types\/page"}],"author":[{"embeddable":true,"href":"https:\/\/stecvina.com\/en\/wp-json\/wp\/v2\/users\/3"}],"replies":[{"embeddable":true,"href":"https:\/\/stecvina.com\/en\/wp-json\/wp\/v2\/comments?post=3456"}],"version-history":[{"count":0,"href":"https:\/\/stecvina.com\/en\/wp-json\/wp\/v2\/pages\/3456\/revisions"}],"wp:attachment":[{"href":"https:\/\/stecvina.com\/en\/wp-json\/wp\/v2\/media?parent=3456"}],"curies":[{"name":"wp","href":"https:\/\/api.w.org\/{rel}","templated":true}]}}