{"id":3460,"date":"2024-11-15T10:06:58","date_gmt":"2024-11-15T10:06:58","guid":{"rendered":"https:\/\/stecvina.com\/?page_id=3460"},"modified":"2025-10-29T08:04:11","modified_gmt":"2025-10-29T08:04:11","slug":"parkland-53-an-phu-khu-nha-o-va-trung-tam-thuong-mai-van-phong","status":"publish","type":"page","link":"https:\/\/stecvina.com\/en\/parkland-53-an-phu-residential-area-and-office-commercial-center\/","title":{"rendered":"Parkland 53 An Ph\u00fa &#8211; Khu nh\u00e0 \u1edf V\u00e0 Trung t\u00e2m th\u01b0\u01a1ng m\u1ea1i- V\u0103n ph\u00f2ng"},"content":{"rendered":"","protected":false},"excerpt":{"rendered":"","protected":false},"author":3,"featured_media":0,"parent":0,"menu_order":0,"comment_status":"closed","ping_status":"closed","template":"","meta":{"_acf_changed":false,"footnotes":""},"class_list":["post-3460","page","type-page","status-publish","hentry"],"acf":[],"yoast_head":"<!-- This site is optimized with the Yoast SEO plugin v24.4 - https:\/\/yoast.com\/wordpress\/plugins\/seo\/ -->\n<title>S-TEC VINA \u2013 D\u1ef1 \u00e1n ti\u00eau bi\u1ec3u: Khu Parkland 53 An Ph\u00fa<\/title>\n<meta name=\"description\" content=\"Khu d\u00e2n c\u01b0 Parkland 53 An Ph\u00fa v\u00e0 Trung t\u00e2m th\u01b0\u01a1ng m\u1ea1i v\u0103n ph\u00f2ng \u2013 Kh\u00f4ng gian s\u1ed1ng v\u00e0 l\u00e0m vi\u1ec7c l\u00fd t\u01b0\u1edfng, ti\u1ec7n nghi v\u00e0 hi\u1ec7n \u0111\u1ea1i.\" \/>\n<meta name=\"robots\" content=\"index, follow, max-snippet:-1, max-image-preview:large, max-video-preview:-1\" \/>\n<link rel=\"canonical\" href=\"https:\/\/stecvina.com\/en\/parkland-53-an-phu-residential-area-and-office-commercial-center\/\" \/>\n<meta property=\"og:locale\" content=\"en_US\" \/>\n<meta property=\"og:type\" content=\"article\" \/>\n<meta property=\"og:title\" content=\"S-TEC VINA \u2013 D\u1ef1 \u00e1n ti\u00eau bi\u1ec3u: Khu Parkland 53 An Ph\u00fa\" \/>\n<meta property=\"og:description\" content=\"Khu d\u00e2n c\u01b0 Parkland 53 An Ph\u00fa v\u00e0 Trung t\u00e2m th\u01b0\u01a1ng m\u1ea1i v\u0103n ph\u00f2ng \u2013 Kh\u00f4ng gian s\u1ed1ng v\u00e0 l\u00e0m vi\u1ec7c l\u00fd t\u01b0\u1edfng, ti\u1ec7n nghi v\u00e0 hi\u1ec7n \u0111\u1ea1i.\" \/>\n<meta property=\"og:url\" content=\"https:\/\/stecvina.com\/en\/parkland-53-an-phu-residential-area-and-office-commercial-center\/\" \/>\n<meta property=\"og:site_name\" content=\"stecvina\" \/>\n<meta property=\"article:modified_time\" content=\"2025-10-29T08:04:11+00:00\" \/>\n<meta name=\"twitter:card\" content=\"summary_large_image\" \/>\n<meta name=\"twitter:label1\" content=\"Est. reading time\" \/>\n\t<meta name=\"twitter:data1\" content=\"2 minutes\" \/>\n<script type=\"application\/ld+json\" class=\"yoast-schema-graph\">{\"@context\":\"https:\/\/schema.org\",\"@graph\":[{\"@type\":\"WebPage\",\"@id\":\"https:\/\/stecvina.com\/parkland-53-an-phu-khu-nha-o-va-trung-tam-thuong-mai-van-phong\/\",\"url\":\"https:\/\/stecvina.com\/parkland-53-an-phu-khu-nha-o-va-trung-tam-thuong-mai-van-phong\/\",\"name\":\"S-TEC VINA \u2013 D\u1ef1 \u00e1n ti\u00eau bi\u1ec3u: Khu Parkland 53 An Ph\u00fa\",\"isPartOf\":{\"@id\":\"https:\/\/stecvina.com\/#website\"},\"datePublished\":\"2024-11-15T10:06:58+00:00\",\"dateModified\":\"2025-10-29T08:04:11+00:00\",\"description\":\"Khu d\u00e2n c\u01b0 Parkland 53 An Ph\u00fa v\u00e0 Trung t\u00e2m th\u01b0\u01a1ng m\u1ea1i v\u0103n ph\u00f2ng \u2013 Kh\u00f4ng gian s\u1ed1ng v\u00e0 l\u00e0m vi\u1ec7c l\u00fd t\u01b0\u1edfng, ti\u1ec7n nghi v\u00e0 hi\u1ec7n \u0111\u1ea1i.\",\"breadcrumb\":{\"@id\":\"https:\/\/stecvina.com\/parkland-53-an-phu-khu-nha-o-va-trung-tam-thuong-mai-van-phong\/#breadcrumb\"},\"inLanguage\":\"en-US\",\"potentialAction\":[{\"@type\":\"ReadAction\",\"target\":[\"https:\/\/stecvina.com\/parkland-53-an-phu-khu-nha-o-va-trung-tam-thuong-mai-van-phong\/\"]}]},{\"@type\":\"BreadcrumbList\",\"@id\":\"https:\/\/stecvina.com\/parkland-53-an-phu-khu-nha-o-va-trung-tam-thuong-mai-van-phong\/#breadcrumb\",\"itemListElement\":[{\"@type\":\"ListItem\",\"position\":1,\"name\":\"Trang ch\u1ee7\",\"item\":\"https:\/\/stecvina.com\/\"},{\"@type\":\"ListItem\",\"position\":2,\"name\":\"Parkland 53 An Ph\u00fa &#8211; Khu nh\u00e0 \u1edf V\u00e0 Trung t\u00e2m th\u01b0\u01a1ng m\u1ea1i- V\u0103n ph\u00f2ng\"}]},{\"@type\":\"WebSite\",\"@id\":\"https:\/\/stecvina.com\/#website\",\"url\":\"https:\/\/stecvina.com\/\",\"name\":\"stecvina\",\"description\":\"\",\"potentialAction\":[{\"@type\":\"SearchAction\",\"target\":{\"@type\":\"EntryPoint\",\"urlTemplate\":\"https:\/\/stecvina.com\/?s={search_term_string}\"},\"query-input\":{\"@type\":\"PropertyValueSpecification\",\"valueRequired\":true,\"valueName\":\"search_term_string\"}}],\"inLanguage\":\"en-US\"}]}<\/script>\n<!-- \/ Yoast SEO plugin. -->","yoast_head_json":{"title":"S-TEC VINA \u2013 D\u1ef1 \u00e1n ti\u00eau bi\u1ec3u: Khu Parkland 53 An Ph\u00fa","description":"Khu d\u00e2n c\u01b0 Parkland 53 An Ph\u00fa v\u00e0 Trung t\u00e2m th\u01b0\u01a1ng m\u1ea1i v\u0103n ph\u00f2ng \u2013 Kh\u00f4ng gian s\u1ed1ng v\u00e0 l\u00e0m vi\u1ec7c l\u00fd t\u01b0\u1edfng, ti\u1ec7n nghi v\u00e0 hi\u1ec7n \u0111\u1ea1i.","robots":{"index":"index","follow":"follow","max-snippet":"max-snippet:-1","max-image-preview":"max-image-preview:large","max-video-preview":"max-video-preview:-1"},"canonical":"https:\/\/stecvina.com\/en\/parkland-53-an-phu-residential-area-and-office-commercial-center\/","og_locale":"en_US","og_type":"article","og_title":"S-TEC VINA \u2013 D\u1ef1 \u00e1n ti\u00eau bi\u1ec3u: Khu Parkland 53 An Ph\u00fa","og_description":"Khu d\u00e2n c\u01b0 Parkland 53 An Ph\u00fa v\u00e0 Trung t\u00e2m th\u01b0\u01a1ng m\u1ea1i v\u0103n ph\u00f2ng \u2013 Kh\u00f4ng gian s\u1ed1ng v\u00e0 l\u00e0m vi\u1ec7c l\u00fd t\u01b0\u1edfng, ti\u1ec7n nghi v\u00e0 hi\u1ec7n \u0111\u1ea1i.","og_url":"https:\/\/stecvina.com\/en\/parkland-53-an-phu-residential-area-and-office-commercial-center\/","og_site_name":"stecvina","article_modified_time":"2025-10-29T08:04:11+00:00","twitter_card":"summary_large_image","twitter_misc":{"Est. reading time":"2 minutes"},"schema":{"@context":"https:\/\/schema.org","@graph":[{"@type":"WebPage","@id":"https:\/\/stecvina.com\/parkland-53-an-phu-khu-nha-o-va-trung-tam-thuong-mai-van-phong\/","url":"https:\/\/stecvina.com\/parkland-53-an-phu-khu-nha-o-va-trung-tam-thuong-mai-van-phong\/","name":"S-TEC VINA \u2013 D\u1ef1 \u00e1n ti\u00eau bi\u1ec3u: Khu Parkland 53 An Ph\u00fa","isPartOf":{"@id":"https:\/\/stecvina.com\/#website"},"datePublished":"2024-11-15T10:06:58+00:00","dateModified":"2025-10-29T08:04:11+00:00","description":"Khu d\u00e2n c\u01b0 Parkland 53 An Ph\u00fa v\u00e0 Trung t\u00e2m th\u01b0\u01a1ng m\u1ea1i v\u0103n ph\u00f2ng \u2013 Kh\u00f4ng gian s\u1ed1ng v\u00e0 l\u00e0m vi\u1ec7c l\u00fd t\u01b0\u1edfng, ti\u1ec7n nghi v\u00e0 hi\u1ec7n \u0111\u1ea1i.","breadcrumb":{"@id":"https:\/\/stecvina.com\/parkland-53-an-phu-khu-nha-o-va-trung-tam-thuong-mai-van-phong\/#breadcrumb"},"inLanguage":"en-US","potentialAction":[{"@type":"ReadAction","target":["https:\/\/stecvina.com\/parkland-53-an-phu-khu-nha-o-va-trung-tam-thuong-mai-van-phong\/"]}]},{"@type":"BreadcrumbList","@id":"https:\/\/stecvina.com\/parkland-53-an-phu-khu-nha-o-va-trung-tam-thuong-mai-van-phong\/#breadcrumb","itemListElement":[{"@type":"ListItem","position":1,"name":"Trang ch\u1ee7","item":"https:\/\/stecvina.com\/"},{"@type":"ListItem","position":2,"name":"Parkland 53 An Ph\u00fa &#8211; Khu nh\u00e0 \u1edf V\u00e0 Trung t\u00e2m th\u01b0\u01a1ng m\u1ea1i- V\u0103n ph\u00f2ng"}]},{"@type":"WebSite","@id":"https:\/\/stecvina.com\/#website","url":"https:\/\/stecvina.com\/","name":"stecvina","description":"","potentialAction":[{"@type":"SearchAction","target":{"@type":"EntryPoint","urlTemplate":"https:\/\/stecvina.com\/?s={search_term_string}"},"query-input":{"@type":"PropertyValueSpecification","valueRequired":true,"valueName":"search_term_string"}}],"inLanguage":"en-US"}]}},"_links":{"self":[{"href":"https:\/\/stecvina.com\/en\/wp-json\/wp\/v2\/pages\/3460","targetHints":{"allow":["GET"]}}],"collection":[{"href":"https:\/\/stecvina.com\/en\/wp-json\/wp\/v2\/pages"}],"about":[{"href":"https:\/\/stecvina.com\/en\/wp-json\/wp\/v2\/types\/page"}],"author":[{"embeddable":true,"href":"https:\/\/stecvina.com\/en\/wp-json\/wp\/v2\/users\/3"}],"replies":[{"embeddable":true,"href":"https:\/\/stecvina.com\/en\/wp-json\/wp\/v2\/comments?post=3460"}],"version-history":[{"count":1,"href":"https:\/\/stecvina.com\/en\/wp-json\/wp\/v2\/pages\/3460\/revisions"}],"predecessor-version":[{"id":29748,"href":"https:\/\/stecvina.com\/en\/wp-json\/wp\/v2\/pages\/3460\/revisions\/29748"}],"wp:attachment":[{"href":"https:\/\/stecvina.com\/en\/wp-json\/wp\/v2\/media?parent=3460"}],"curies":[{"name":"wp","href":"https:\/\/api.w.org\/{rel}","templated":true}]}}