{"id":3464,"date":"2024-11-15T09:59:09","date_gmt":"2024-11-15T09:59:09","guid":{"rendered":"https:\/\/stecvina.com\/?page_id=3464"},"modified":"2025-10-29T08:04:58","modified_gmt":"2025-10-29T08:04:58","slug":"ba-son-vinhomes-golden-river-khu-phuc-hop-sai-gon","status":"publish","type":"page","link":"https:\/\/stecvina.com\/en\/ba-son-vinhomes-golden-river-saigon-complex\/","title":{"rendered":"Ba Son &#8211; Vinhomes Golden River Khu Ph\u1ee9c H\u1ee3p S\u00e0i G\u00f2n"},"content":{"rendered":"","protected":false},"excerpt":{"rendered":"","protected":false},"author":3,"featured_media":0,"parent":0,"menu_order":0,"comment_status":"closed","ping_status":"closed","template":"","meta":{"_acf_changed":false,"footnotes":""},"class_list":["post-3464","page","type-page","status-publish","hentry"],"acf":[],"yoast_head":"<!-- This site is optimized with the Yoast SEO plugin v24.4 - https:\/\/yoast.com\/wordpress\/plugins\/seo\/ -->\n<title>S-TEC VINA \u2013 D\u1ef1 \u00e1n ti\u00eau bi\u1ec3u: Vinhomes Golden River<\/title>\n<meta name=\"description\" content=\"Khu ph\u1ee9c h\u1ee3p Ba Son Vinhomes Golden River Saigon \u2013 D\u1ef1 \u00e1n \u0111\u1eb3ng c\u1ea5p, kh\u00f4ng gian s\u1ed1ng v\u00e0 l\u00e0m vi\u1ec7c ti\u1ec7n nghi, hi\u1ec7n \u0111\u1ea1i b\u00ean s\u00f4ng S\u00e0i G\u00f2n.\" \/>\n<meta name=\"robots\" content=\"index, follow, max-snippet:-1, max-image-preview:large, max-video-preview:-1\" \/>\n<link rel=\"canonical\" href=\"https:\/\/stecvina.com\/en\/ba-son-vinhomes-golden-river-saigon-complex\/\" \/>\n<meta property=\"og:locale\" content=\"en_US\" \/>\n<meta property=\"og:type\" content=\"article\" \/>\n<meta property=\"og:title\" content=\"S-TEC VINA \u2013 D\u1ef1 \u00e1n ti\u00eau bi\u1ec3u: Vinhomes Golden River\" \/>\n<meta property=\"og:description\" content=\"Khu ph\u1ee9c h\u1ee3p Ba Son Vinhomes Golden River Saigon \u2013 D\u1ef1 \u00e1n \u0111\u1eb3ng c\u1ea5p, kh\u00f4ng gian s\u1ed1ng v\u00e0 l\u00e0m vi\u1ec7c ti\u1ec7n nghi, hi\u1ec7n \u0111\u1ea1i b\u00ean s\u00f4ng S\u00e0i G\u00f2n.\" \/>\n<meta property=\"og:url\" content=\"https:\/\/stecvina.com\/en\/ba-son-vinhomes-golden-river-saigon-complex\/\" \/>\n<meta property=\"og:site_name\" content=\"stecvina\" \/>\n<meta property=\"article:modified_time\" content=\"2025-10-29T08:04:58+00:00\" \/>\n<meta name=\"twitter:card\" content=\"summary_large_image\" \/>\n<meta name=\"twitter:label1\" content=\"Est. reading time\" \/>\n\t<meta name=\"twitter:data1\" content=\"2 minutes\" \/>\n<script type=\"application\/ld+json\" class=\"yoast-schema-graph\">{\"@context\":\"https:\/\/schema.org\",\"@graph\":[{\"@type\":\"WebPage\",\"@id\":\"https:\/\/stecvina.com\/ba-son-vinhomes-golden-river-khu-phuc-hop-sai-gon\/\",\"url\":\"https:\/\/stecvina.com\/ba-son-vinhomes-golden-river-khu-phuc-hop-sai-gon\/\",\"name\":\"S-TEC VINA \u2013 D\u1ef1 \u00e1n ti\u00eau bi\u1ec3u: Vinhomes Golden River\",\"isPartOf\":{\"@id\":\"https:\/\/stecvina.com\/#website\"},\"datePublished\":\"2024-11-15T09:59:09+00:00\",\"dateModified\":\"2025-10-29T08:04:58+00:00\",\"description\":\"Khu ph\u1ee9c h\u1ee3p Ba Son Vinhomes Golden River Saigon \u2013 D\u1ef1 \u00e1n \u0111\u1eb3ng c\u1ea5p, kh\u00f4ng gian s\u1ed1ng v\u00e0 l\u00e0m vi\u1ec7c ti\u1ec7n nghi, hi\u1ec7n \u0111\u1ea1i b\u00ean s\u00f4ng S\u00e0i G\u00f2n.\",\"breadcrumb\":{\"@id\":\"https:\/\/stecvina.com\/ba-son-vinhomes-golden-river-khu-phuc-hop-sai-gon\/#breadcrumb\"},\"inLanguage\":\"en-US\",\"potentialAction\":[{\"@type\":\"ReadAction\",\"target\":[\"https:\/\/stecvina.com\/ba-son-vinhomes-golden-river-khu-phuc-hop-sai-gon\/\"]}]},{\"@type\":\"BreadcrumbList\",\"@id\":\"https:\/\/stecvina.com\/ba-son-vinhomes-golden-river-khu-phuc-hop-sai-gon\/#breadcrumb\",\"itemListElement\":[{\"@type\":\"ListItem\",\"position\":1,\"name\":\"Trang ch\u1ee7\",\"item\":\"https:\/\/stecvina.com\/\"},{\"@type\":\"ListItem\",\"position\":2,\"name\":\"Ba Son &#8211; Vinhomes Golden River Khu Ph\u1ee9c H\u1ee3p S\u00e0i G\u00f2n\"}]},{\"@type\":\"WebSite\",\"@id\":\"https:\/\/stecvina.com\/#website\",\"url\":\"https:\/\/stecvina.com\/\",\"name\":\"stecvina\",\"description\":\"\",\"potentialAction\":[{\"@type\":\"SearchAction\",\"target\":{\"@type\":\"EntryPoint\",\"urlTemplate\":\"https:\/\/stecvina.com\/?s={search_term_string}\"},\"query-input\":{\"@type\":\"PropertyValueSpecification\",\"valueRequired\":true,\"valueName\":\"search_term_string\"}}],\"inLanguage\":\"en-US\"}]}<\/script>\n<!-- \/ Yoast SEO plugin. -->","yoast_head_json":{"title":"S-TEC VINA \u2013 D\u1ef1 \u00e1n ti\u00eau bi\u1ec3u: Vinhomes Golden River","description":"Khu ph\u1ee9c h\u1ee3p Ba Son Vinhomes Golden River Saigon \u2013 D\u1ef1 \u00e1n \u0111\u1eb3ng c\u1ea5p, kh\u00f4ng gian s\u1ed1ng v\u00e0 l\u00e0m vi\u1ec7c ti\u1ec7n nghi, hi\u1ec7n \u0111\u1ea1i b\u00ean s\u00f4ng S\u00e0i G\u00f2n.","robots":{"index":"index","follow":"follow","max-snippet":"max-snippet:-1","max-image-preview":"max-image-preview:large","max-video-preview":"max-video-preview:-1"},"canonical":"https:\/\/stecvina.com\/en\/ba-son-vinhomes-golden-river-saigon-complex\/","og_locale":"en_US","og_type":"article","og_title":"S-TEC VINA \u2013 D\u1ef1 \u00e1n ti\u00eau bi\u1ec3u: Vinhomes Golden River","og_description":"Khu ph\u1ee9c h\u1ee3p Ba Son Vinhomes Golden River Saigon \u2013 D\u1ef1 \u00e1n \u0111\u1eb3ng c\u1ea5p, kh\u00f4ng gian s\u1ed1ng v\u00e0 l\u00e0m vi\u1ec7c ti\u1ec7n nghi, hi\u1ec7n \u0111\u1ea1i b\u00ean s\u00f4ng S\u00e0i G\u00f2n.","og_url":"https:\/\/stecvina.com\/en\/ba-son-vinhomes-golden-river-saigon-complex\/","og_site_name":"stecvina","article_modified_time":"2025-10-29T08:04:58+00:00","twitter_card":"summary_large_image","twitter_misc":{"Est. reading time":"2 minutes"},"schema":{"@context":"https:\/\/schema.org","@graph":[{"@type":"WebPage","@id":"https:\/\/stecvina.com\/ba-son-vinhomes-golden-river-khu-phuc-hop-sai-gon\/","url":"https:\/\/stecvina.com\/ba-son-vinhomes-golden-river-khu-phuc-hop-sai-gon\/","name":"S-TEC VINA \u2013 D\u1ef1 \u00e1n ti\u00eau bi\u1ec3u: Vinhomes Golden River","isPartOf":{"@id":"https:\/\/stecvina.com\/#website"},"datePublished":"2024-11-15T09:59:09+00:00","dateModified":"2025-10-29T08:04:58+00:00","description":"Khu ph\u1ee9c h\u1ee3p Ba Son Vinhomes Golden River Saigon \u2013 D\u1ef1 \u00e1n \u0111\u1eb3ng c\u1ea5p, kh\u00f4ng gian s\u1ed1ng v\u00e0 l\u00e0m vi\u1ec7c ti\u1ec7n nghi, hi\u1ec7n \u0111\u1ea1i b\u00ean s\u00f4ng S\u00e0i G\u00f2n.","breadcrumb":{"@id":"https:\/\/stecvina.com\/ba-son-vinhomes-golden-river-khu-phuc-hop-sai-gon\/#breadcrumb"},"inLanguage":"en-US","potentialAction":[{"@type":"ReadAction","target":["https:\/\/stecvina.com\/ba-son-vinhomes-golden-river-khu-phuc-hop-sai-gon\/"]}]},{"@type":"BreadcrumbList","@id":"https:\/\/stecvina.com\/ba-son-vinhomes-golden-river-khu-phuc-hop-sai-gon\/#breadcrumb","itemListElement":[{"@type":"ListItem","position":1,"name":"Trang ch\u1ee7","item":"https:\/\/stecvina.com\/"},{"@type":"ListItem","position":2,"name":"Ba Son &#8211; Vinhomes Golden River Khu Ph\u1ee9c H\u1ee3p S\u00e0i G\u00f2n"}]},{"@type":"WebSite","@id":"https:\/\/stecvina.com\/#website","url":"https:\/\/stecvina.com\/","name":"stecvina","description":"","potentialAction":[{"@type":"SearchAction","target":{"@type":"EntryPoint","urlTemplate":"https:\/\/stecvina.com\/?s={search_term_string}"},"query-input":{"@type":"PropertyValueSpecification","valueRequired":true,"valueName":"search_term_string"}}],"inLanguage":"en-US"}]}},"_links":{"self":[{"href":"https:\/\/stecvina.com\/en\/wp-json\/wp\/v2\/pages\/3464","targetHints":{"allow":["GET"]}}],"collection":[{"href":"https:\/\/stecvina.com\/en\/wp-json\/wp\/v2\/pages"}],"about":[{"href":"https:\/\/stecvina.com\/en\/wp-json\/wp\/v2\/types\/page"}],"author":[{"embeddable":true,"href":"https:\/\/stecvina.com\/en\/wp-json\/wp\/v2\/users\/3"}],"replies":[{"embeddable":true,"href":"https:\/\/stecvina.com\/en\/wp-json\/wp\/v2\/comments?post=3464"}],"version-history":[{"count":1,"href":"https:\/\/stecvina.com\/en\/wp-json\/wp\/v2\/pages\/3464\/revisions"}],"predecessor-version":[{"id":29749,"href":"https:\/\/stecvina.com\/en\/wp-json\/wp\/v2\/pages\/3464\/revisions\/29749"}],"wp:attachment":[{"href":"https:\/\/stecvina.com\/en\/wp-json\/wp\/v2\/media?parent=3464"}],"curies":[{"name":"wp","href":"https:\/\/api.w.org\/{rel}","templated":true}]}}