{"id":3525,"date":"2024-11-15T10:32:06","date_gmt":"2024-11-15T10:32:06","guid":{"rendered":"https:\/\/stecvina.com\/?page_id=3525"},"modified":"2025-04-29T05:48:35","modified_gmt":"2025-04-29T05:48:35","slug":"nha-may-fukang-technology","status":"publish","type":"page","link":"https:\/\/stecvina.com\/en\/fukang-technology-factory\/","title":{"rendered":"Fukang Technology Company Limited"},"content":{"rendered":"","protected":false},"excerpt":{"rendered":"","protected":false},"author":3,"featured_media":0,"parent":0,"menu_order":0,"comment_status":"closed","ping_status":"closed","template":"","meta":{"_acf_changed":false,"footnotes":""},"class_list":["post-3525","page","type-page","status-publish","hentry"],"acf":[],"yoast_head":"<!-- This site is optimized with the Yoast SEO plugin v24.4 - https:\/\/yoast.com\/wordpress\/plugins\/seo\/ -->\n<title>Nh\u00e0 m\u00e1y Fukang Technology - stecvina<\/title>\n<meta name=\"description\" content=\"S-TEC VINA th\u1ef1c hi\u1ec7n l\u1eafp \u0111\u1eb7t h\u1ec7 th\u1ed1ng ch\u1eefa ch\u00e1y kh\u00ed g\u1ed3m 848 b\u00ecnh kh\u00ed CO2 68L \/ 45kg, 18 b\u00ecnh kh\u00ed HFC-227ea (FM-200) cho Nh\u00e0 m\u00e1y Fukang Technology\" \/>\n<meta name=\"robots\" content=\"index, follow, max-snippet:-1, max-image-preview:large, max-video-preview:-1\" \/>\n<link rel=\"canonical\" href=\"https:\/\/stecvina.com\/en\/fukang-technology-factory\/\" \/>\n<meta property=\"og:locale\" content=\"en_US\" \/>\n<meta property=\"og:type\" content=\"article\" \/>\n<meta property=\"og:title\" content=\"Nh\u00e0 m\u00e1y Fukang Technology - stecvina\" \/>\n<meta property=\"og:description\" content=\"S-TEC VINA th\u1ef1c hi\u1ec7n l\u1eafp \u0111\u1eb7t h\u1ec7 th\u1ed1ng ch\u1eefa ch\u00e1y kh\u00ed g\u1ed3m 848 b\u00ecnh kh\u00ed CO2 68L \/ 45kg, 18 b\u00ecnh kh\u00ed HFC-227ea (FM-200) cho Nh\u00e0 m\u00e1y Fukang Technology\" \/>\n<meta property=\"og:url\" content=\"https:\/\/stecvina.com\/en\/fukang-technology-factory\/\" \/>\n<meta property=\"og:site_name\" content=\"stecvina\" \/>\n<meta property=\"article:modified_time\" content=\"2025-04-29T05:48:35+00:00\" \/>\n<meta name=\"twitter:card\" content=\"summary_large_image\" \/>\n<meta name=\"twitter:label1\" content=\"Est. reading time\" \/>\n\t<meta name=\"twitter:data1\" content=\"2 minutes\" \/>\n<script type=\"application\/ld+json\" class=\"yoast-schema-graph\">{\"@context\":\"https:\/\/schema.org\",\"@graph\":[{\"@type\":\"WebPage\",\"@id\":\"https:\/\/stecvina.com\/nha-may-fukang-technology\/\",\"url\":\"https:\/\/stecvina.com\/nha-may-fukang-technology\/\",\"name\":\"Nh\u00e0 m\u00e1y Fukang Technology - stecvina\",\"isPartOf\":{\"@id\":\"https:\/\/stecvina.com\/#website\"},\"datePublished\":\"2024-11-15T10:32:06+00:00\",\"dateModified\":\"2025-04-29T05:48:35+00:00\",\"description\":\"S-TEC VINA th\u1ef1c hi\u1ec7n l\u1eafp \u0111\u1eb7t h\u1ec7 th\u1ed1ng ch\u1eefa ch\u00e1y kh\u00ed g\u1ed3m 848 b\u00ecnh kh\u00ed CO2 68L \/ 45kg, 18 b\u00ecnh kh\u00ed HFC-227ea (FM-200) cho Nh\u00e0 m\u00e1y Fukang Technology\",\"breadcrumb\":{\"@id\":\"https:\/\/stecvina.com\/nha-may-fukang-technology\/#breadcrumb\"},\"inLanguage\":\"en-US\",\"potentialAction\":[{\"@type\":\"ReadAction\",\"target\":[\"https:\/\/stecvina.com\/nha-may-fukang-technology\/\"]}]},{\"@type\":\"BreadcrumbList\",\"@id\":\"https:\/\/stecvina.com\/nha-may-fukang-technology\/#breadcrumb\",\"itemListElement\":[{\"@type\":\"ListItem\",\"position\":1,\"name\":\"Trang ch\u1ee7\",\"item\":\"https:\/\/stecvina.com\/\"},{\"@type\":\"ListItem\",\"position\":2,\"name\":\"Nh\u00e0 m\u00e1y Fukang Technology\"}]},{\"@type\":\"WebSite\",\"@id\":\"https:\/\/stecvina.com\/#website\",\"url\":\"https:\/\/stecvina.com\/\",\"name\":\"stecvina\",\"description\":\"\",\"potentialAction\":[{\"@type\":\"SearchAction\",\"target\":{\"@type\":\"EntryPoint\",\"urlTemplate\":\"https:\/\/stecvina.com\/?s={search_term_string}\"},\"query-input\":{\"@type\":\"PropertyValueSpecification\",\"valueRequired\":true,\"valueName\":\"search_term_string\"}}],\"inLanguage\":\"en-US\"}]}<\/script>\n<!-- \/ Yoast SEO plugin. -->","yoast_head_json":{"title":"Nh\u00e0 m\u00e1y Fukang Technology - stecvina","description":"S-TEC VINA th\u1ef1c hi\u1ec7n l\u1eafp \u0111\u1eb7t h\u1ec7 th\u1ed1ng ch\u1eefa ch\u00e1y kh\u00ed g\u1ed3m 848 b\u00ecnh kh\u00ed CO2 68L \/ 45kg, 18 b\u00ecnh kh\u00ed HFC-227ea (FM-200) cho Nh\u00e0 m\u00e1y Fukang Technology","robots":{"index":"index","follow":"follow","max-snippet":"max-snippet:-1","max-image-preview":"max-image-preview:large","max-video-preview":"max-video-preview:-1"},"canonical":"https:\/\/stecvina.com\/en\/fukang-technology-factory\/","og_locale":"en_US","og_type":"article","og_title":"Nh\u00e0 m\u00e1y Fukang Technology - stecvina","og_description":"S-TEC VINA th\u1ef1c hi\u1ec7n l\u1eafp \u0111\u1eb7t h\u1ec7 th\u1ed1ng ch\u1eefa ch\u00e1y kh\u00ed g\u1ed3m 848 b\u00ecnh kh\u00ed CO2 68L \/ 45kg, 18 b\u00ecnh kh\u00ed HFC-227ea (FM-200) cho Nh\u00e0 m\u00e1y Fukang Technology","og_url":"https:\/\/stecvina.com\/en\/fukang-technology-factory\/","og_site_name":"stecvina","article_modified_time":"2025-04-29T05:48:35+00:00","twitter_card":"summary_large_image","twitter_misc":{"Est. reading time":"2 minutes"},"schema":{"@context":"https:\/\/schema.org","@graph":[{"@type":"WebPage","@id":"https:\/\/stecvina.com\/nha-may-fukang-technology\/","url":"https:\/\/stecvina.com\/nha-may-fukang-technology\/","name":"Nh\u00e0 m\u00e1y Fukang Technology - stecvina","isPartOf":{"@id":"https:\/\/stecvina.com\/#website"},"datePublished":"2024-11-15T10:32:06+00:00","dateModified":"2025-04-29T05:48:35+00:00","description":"S-TEC VINA th\u1ef1c hi\u1ec7n l\u1eafp \u0111\u1eb7t h\u1ec7 th\u1ed1ng ch\u1eefa ch\u00e1y kh\u00ed g\u1ed3m 848 b\u00ecnh kh\u00ed CO2 68L \/ 45kg, 18 b\u00ecnh kh\u00ed HFC-227ea (FM-200) cho Nh\u00e0 m\u00e1y Fukang Technology","breadcrumb":{"@id":"https:\/\/stecvina.com\/nha-may-fukang-technology\/#breadcrumb"},"inLanguage":"en-US","potentialAction":[{"@type":"ReadAction","target":["https:\/\/stecvina.com\/nha-may-fukang-technology\/"]}]},{"@type":"BreadcrumbList","@id":"https:\/\/stecvina.com\/nha-may-fukang-technology\/#breadcrumb","itemListElement":[{"@type":"ListItem","position":1,"name":"Trang ch\u1ee7","item":"https:\/\/stecvina.com\/"},{"@type":"ListItem","position":2,"name":"Nh\u00e0 m\u00e1y Fukang Technology"}]},{"@type":"WebSite","@id":"https:\/\/stecvina.com\/#website","url":"https:\/\/stecvina.com\/","name":"stecvina","description":"","potentialAction":[{"@type":"SearchAction","target":{"@type":"EntryPoint","urlTemplate":"https:\/\/stecvina.com\/?s={search_term_string}"},"query-input":{"@type":"PropertyValueSpecification","valueRequired":true,"valueName":"search_term_string"}}],"inLanguage":"en-US"}]}},"_links":{"self":[{"href":"https:\/\/stecvina.com\/en\/wp-json\/wp\/v2\/pages\/3525","targetHints":{"allow":["GET"]}}],"collection":[{"href":"https:\/\/stecvina.com\/en\/wp-json\/wp\/v2\/pages"}],"about":[{"href":"https:\/\/stecvina.com\/en\/wp-json\/wp\/v2\/types\/page"}],"author":[{"embeddable":true,"href":"https:\/\/stecvina.com\/en\/wp-json\/wp\/v2\/users\/3"}],"replies":[{"embeddable":true,"href":"https:\/\/stecvina.com\/en\/wp-json\/wp\/v2\/comments?post=3525"}],"version-history":[{"count":0,"href":"https:\/\/stecvina.com\/en\/wp-json\/wp\/v2\/pages\/3525\/revisions"}],"wp:attachment":[{"href":"https:\/\/stecvina.com\/en\/wp-json\/wp\/v2\/media?parent=3525"}],"curies":[{"name":"wp","href":"https:\/\/api.w.org\/{rel}","templated":true}]}}