{"id":3932,"date":"2024-12-06T10:12:49","date_gmt":"2024-12-06T10:12:49","guid":{"rendered":"https:\/\/stecvina.com\/?page_id=3932"},"modified":"2026-02-10T07:40:04","modified_gmt":"2026-02-10T07:40:04","slug":"tin-tuc","status":"publish","type":"page","link":"https:\/\/stecvina.com\/en\/tin-tuc\/","title":{"rendered":"Blog"},"content":{"rendered":"","protected":false},"excerpt":{"rendered":"","protected":false},"author":3,"featured_media":0,"parent":0,"menu_order":0,"comment_status":"closed","ping_status":"closed","template":"","meta":{"_acf_changed":false,"footnotes":""},"class_list":["post-3932","page","type-page","status-publish","hentry"],"acf":[],"yoast_head":"<!-- This site is optimized with the Yoast SEO plugin v24.4 - https:\/\/yoast.com\/wordpress\/plugins\/seo\/ -->\n<title>Tin T\u1ee9c PCCC &amp; S\u1ef1 Ki\u1ec7n M\u1edbi Nh\u1ea5t | S-TEC VINA<\/title>\n<meta name=\"description\" content=\"Kh\u00e1m ph\u00e1 tin t\u1ee9c m\u1edbi nh\u1ea5t v\u1ec1 PCCC &amp; h\u1ec7 th\u1ed1ng ch\u1eefa ch\u00e1y kh\u00ed c\u00f9ng S-TEC VINA, c\u1eadp nh\u1eadt gi\u1ea3i ph\u00e1p an to\u00e0n &amp; c\u00f4ng ngh\u1ec7 ti\u00ean ti\u1ebfn!\" \/>\n<meta name=\"robots\" content=\"index, follow, max-snippet:-1, max-image-preview:large, max-video-preview:-1\" \/>\n<link rel=\"canonical\" href=\"https:\/\/stecvina.com\/en\/tin-tuc\/\" \/>\n<meta property=\"og:locale\" content=\"en_US\" \/>\n<meta property=\"og:type\" content=\"article\" \/>\n<meta property=\"og:title\" content=\"Tin T\u1ee9c PCCC &amp; S\u1ef1 Ki\u1ec7n M\u1edbi Nh\u1ea5t | S-TEC VINA\" \/>\n<meta property=\"og:description\" content=\"Kh\u00e1m ph\u00e1 tin t\u1ee9c m\u1edbi nh\u1ea5t v\u1ec1 PCCC &amp; h\u1ec7 th\u1ed1ng ch\u1eefa ch\u00e1y kh\u00ed c\u00f9ng S-TEC VINA, c\u1eadp nh\u1eadt gi\u1ea3i ph\u00e1p an to\u00e0n &amp; c\u00f4ng ngh\u1ec7 ti\u00ean ti\u1ebfn!\" \/>\n<meta property=\"og:url\" content=\"https:\/\/stecvina.com\/en\/tin-tuc\/\" \/>\n<meta property=\"og:site_name\" content=\"stecvina\" \/>\n<meta property=\"article:modified_time\" content=\"2026-02-10T07:40:04+00:00\" \/>\n<meta name=\"twitter:card\" content=\"summary_large_image\" \/>\n<meta name=\"twitter:label1\" content=\"Est. reading time\" \/>\n\t<meta name=\"twitter:data1\" content=\"10 minutes\" \/>\n<script type=\"application\/ld+json\" class=\"yoast-schema-graph\">{\"@context\":\"https:\/\/schema.org\",\"@graph\":[{\"@type\":\"WebPage\",\"@id\":\"https:\/\/stecvina.com\/tin-tuc\/\",\"url\":\"https:\/\/stecvina.com\/tin-tuc\/\",\"name\":\"Tin T\u1ee9c PCCC & S\u1ef1 Ki\u1ec7n M\u1edbi Nh\u1ea5t | S-TEC VINA\",\"isPartOf\":{\"@id\":\"https:\/\/stecvina.com\/#website\"},\"datePublished\":\"2024-12-06T10:12:49+00:00\",\"dateModified\":\"2026-02-10T07:40:04+00:00\",\"description\":\"Kh\u00e1m ph\u00e1 tin t\u1ee9c m\u1edbi nh\u1ea5t v\u1ec1 PCCC & h\u1ec7 th\u1ed1ng ch\u1eefa ch\u00e1y kh\u00ed c\u00f9ng S-TEC VINA, c\u1eadp nh\u1eadt gi\u1ea3i ph\u00e1p an to\u00e0n & c\u00f4ng ngh\u1ec7 ti\u00ean ti\u1ebfn!\",\"breadcrumb\":{\"@id\":\"https:\/\/stecvina.com\/tin-tuc\/#breadcrumb\"},\"inLanguage\":\"en-US\",\"potentialAction\":[{\"@type\":\"ReadAction\",\"target\":[\"https:\/\/stecvina.com\/tin-tuc\/\"]}]},{\"@type\":\"BreadcrumbList\",\"@id\":\"https:\/\/stecvina.com\/tin-tuc\/#breadcrumb\",\"itemListElement\":[{\"@type\":\"ListItem\",\"position\":1,\"name\":\"Trang ch\u1ee7\",\"item\":\"https:\/\/stecvina.com\/\"},{\"@type\":\"ListItem\",\"position\":2,\"name\":\"Tin t\u1ee9c\"}]},{\"@type\":\"WebSite\",\"@id\":\"https:\/\/stecvina.com\/#website\",\"url\":\"https:\/\/stecvina.com\/\",\"name\":\"stecvina\",\"description\":\"\",\"potentialAction\":[{\"@type\":\"SearchAction\",\"target\":{\"@type\":\"EntryPoint\",\"urlTemplate\":\"https:\/\/stecvina.com\/?s={search_term_string}\"},\"query-input\":{\"@type\":\"PropertyValueSpecification\",\"valueRequired\":true,\"valueName\":\"search_term_string\"}}],\"inLanguage\":\"en-US\"}]}<\/script>\n<!-- \/ Yoast SEO plugin. -->","yoast_head_json":{"title":"Tin T\u1ee9c PCCC & S\u1ef1 Ki\u1ec7n M\u1edbi Nh\u1ea5t | S-TEC VINA","description":"Kh\u00e1m ph\u00e1 tin t\u1ee9c m\u1edbi nh\u1ea5t v\u1ec1 PCCC & h\u1ec7 th\u1ed1ng ch\u1eefa ch\u00e1y kh\u00ed c\u00f9ng S-TEC VINA, c\u1eadp nh\u1eadt gi\u1ea3i ph\u00e1p an to\u00e0n & c\u00f4ng ngh\u1ec7 ti\u00ean ti\u1ebfn!","robots":{"index":"index","follow":"follow","max-snippet":"max-snippet:-1","max-image-preview":"max-image-preview:large","max-video-preview":"max-video-preview:-1"},"canonical":"https:\/\/stecvina.com\/en\/tin-tuc\/","og_locale":"en_US","og_type":"article","og_title":"Tin T\u1ee9c PCCC & S\u1ef1 Ki\u1ec7n M\u1edbi Nh\u1ea5t | S-TEC VINA","og_description":"Kh\u00e1m ph\u00e1 tin t\u1ee9c m\u1edbi nh\u1ea5t v\u1ec1 PCCC & h\u1ec7 th\u1ed1ng ch\u1eefa ch\u00e1y kh\u00ed c\u00f9ng S-TEC VINA, c\u1eadp nh\u1eadt gi\u1ea3i ph\u00e1p an to\u00e0n & c\u00f4ng ngh\u1ec7 ti\u00ean ti\u1ebfn!","og_url":"https:\/\/stecvina.com\/en\/tin-tuc\/","og_site_name":"stecvina","article_modified_time":"2026-02-10T07:40:04+00:00","twitter_card":"summary_large_image","twitter_misc":{"Est. reading time":"10 minutes"},"schema":{"@context":"https:\/\/schema.org","@graph":[{"@type":"WebPage","@id":"https:\/\/stecvina.com\/tin-tuc\/","url":"https:\/\/stecvina.com\/tin-tuc\/","name":"Tin T\u1ee9c PCCC & S\u1ef1 Ki\u1ec7n M\u1edbi Nh\u1ea5t | S-TEC VINA","isPartOf":{"@id":"https:\/\/stecvina.com\/#website"},"datePublished":"2024-12-06T10:12:49+00:00","dateModified":"2026-02-10T07:40:04+00:00","description":"Kh\u00e1m ph\u00e1 tin t\u1ee9c m\u1edbi nh\u1ea5t v\u1ec1 PCCC & h\u1ec7 th\u1ed1ng ch\u1eefa ch\u00e1y kh\u00ed c\u00f9ng S-TEC VINA, c\u1eadp nh\u1eadt gi\u1ea3i ph\u00e1p an to\u00e0n & c\u00f4ng ngh\u1ec7 ti\u00ean ti\u1ebfn!","breadcrumb":{"@id":"https:\/\/stecvina.com\/tin-tuc\/#breadcrumb"},"inLanguage":"en-US","potentialAction":[{"@type":"ReadAction","target":["https:\/\/stecvina.com\/tin-tuc\/"]}]},{"@type":"BreadcrumbList","@id":"https:\/\/stecvina.com\/tin-tuc\/#breadcrumb","itemListElement":[{"@type":"ListItem","position":1,"name":"Trang ch\u1ee7","item":"https:\/\/stecvina.com\/"},{"@type":"ListItem","position":2,"name":"Tin t\u1ee9c"}]},{"@type":"WebSite","@id":"https:\/\/stecvina.com\/#website","url":"https:\/\/stecvina.com\/","name":"stecvina","description":"","potentialAction":[{"@type":"SearchAction","target":{"@type":"EntryPoint","urlTemplate":"https:\/\/stecvina.com\/?s={search_term_string}"},"query-input":{"@type":"PropertyValueSpecification","valueRequired":true,"valueName":"search_term_string"}}],"inLanguage":"en-US"}]}},"_links":{"self":[{"href":"https:\/\/stecvina.com\/en\/wp-json\/wp\/v2\/pages\/3932","targetHints":{"allow":["GET"]}}],"collection":[{"href":"https:\/\/stecvina.com\/en\/wp-json\/wp\/v2\/pages"}],"about":[{"href":"https:\/\/stecvina.com\/en\/wp-json\/wp\/v2\/types\/page"}],"author":[{"embeddable":true,"href":"https:\/\/stecvina.com\/en\/wp-json\/wp\/v2\/users\/3"}],"replies":[{"embeddable":true,"href":"https:\/\/stecvina.com\/en\/wp-json\/wp\/v2\/comments?post=3932"}],"version-history":[{"count":1,"href":"https:\/\/stecvina.com\/en\/wp-json\/wp\/v2\/pages\/3932\/revisions"}],"predecessor-version":[{"id":29997,"href":"https:\/\/stecvina.com\/en\/wp-json\/wp\/v2\/pages\/3932\/revisions\/29997"}],"wp:attachment":[{"href":"https:\/\/stecvina.com\/en\/wp-json\/wp\/v2\/media?parent=3932"}],"curies":[{"name":"wp","href":"https:\/\/api.w.org\/{rel}","templated":true}]}}