{"id":3988,"date":"2024-12-06T11:39:05","date_gmt":"2024-12-06T11:39:05","guid":{"rendered":"https:\/\/stecvina.com\/?page_id=3988"},"modified":"2025-10-29T08:01:39","modified_gmt":"2025-10-29T08:01:39","slug":"video-page","status":"publish","type":"page","link":"https:\/\/stecvina.com\/en\/video-page\/","title":{"rendered":"Video Page"},"content":{"rendered":"","protected":false},"excerpt":{"rendered":"","protected":false},"author":3,"featured_media":0,"parent":0,"menu_order":0,"comment_status":"closed","ping_status":"closed","template":"","meta":{"_acf_changed":false,"footnotes":""},"class_list":["post-3988","page","type-page","status-publish","hentry"],"acf":[],"yoast_head":"<!-- This site is optimized with the Yoast SEO plugin v24.4 - https:\/\/yoast.com\/wordpress\/plugins\/seo\/ -->\n<title>S-TEC VINA \u2013 Video v\u00e0 tin t\u1ee9c v\u1ec1 h\u1ec7 th\u1ed1ng ch\u1eefa ch\u00e1y kh\u00ed<\/title>\n<meta name=\"description\" content=\"Kh\u00e1m ph\u00e1 c\u00e1c video tin t\u1ee9c m\u1edbi nh\u1ea5t v\u1ec1 ph\u00f2ng ch\u00e1y ch\u1eefa ch\u00e1y v\u00e0 hi\u1ec3u th\u00eam v\u1ec1 th\u00f4ng tin, c\u00e1ch ho\u1ea1t \u0111\u1ed9ng c\u1ee7a c\u00e1c h\u1ec7 th\u1ed1ng ch\u1eefa ch\u00e1y kh\u00ed ti\u00ean ti\u1ebfn c\u1ee7a S-TEC VINA\" \/>\n<meta name=\"robots\" content=\"index, follow, max-snippet:-1, max-image-preview:large, max-video-preview:-1\" \/>\n<link rel=\"canonical\" href=\"https:\/\/stecvina.com\/en\/video-page\/\" \/>\n<meta property=\"og:locale\" content=\"en_US\" \/>\n<meta property=\"og:type\" content=\"article\" \/>\n<meta property=\"og:title\" content=\"S-TEC VINA \u2013 Video v\u00e0 tin t\u1ee9c v\u1ec1 h\u1ec7 th\u1ed1ng ch\u1eefa ch\u00e1y kh\u00ed\" \/>\n<meta property=\"og:description\" content=\"Kh\u00e1m ph\u00e1 c\u00e1c video tin t\u1ee9c m\u1edbi nh\u1ea5t v\u1ec1 ph\u00f2ng ch\u00e1y ch\u1eefa ch\u00e1y v\u00e0 hi\u1ec3u th\u00eam v\u1ec1 th\u00f4ng tin, c\u00e1ch ho\u1ea1t \u0111\u1ed9ng c\u1ee7a c\u00e1c h\u1ec7 th\u1ed1ng ch\u1eefa ch\u00e1y kh\u00ed ti\u00ean ti\u1ebfn c\u1ee7a S-TEC VINA\" \/>\n<meta property=\"og:url\" content=\"https:\/\/stecvina.com\/en\/video-page\/\" \/>\n<meta property=\"og:site_name\" content=\"stecvina\" \/>\n<meta property=\"article:modified_time\" content=\"2025-10-29T08:01:39+00:00\" \/>\n<meta name=\"twitter:card\" content=\"summary_large_image\" \/>\n<meta name=\"twitter:label1\" content=\"Est. reading time\" \/>\n\t<meta name=\"twitter:data1\" content=\"5 minutes\" \/>\n<script type=\"application\/ld+json\" class=\"yoast-schema-graph\">{\"@context\":\"https:\/\/schema.org\",\"@graph\":[{\"@type\":\"WebPage\",\"@id\":\"https:\/\/stecvina.com\/video-page\/\",\"url\":\"https:\/\/stecvina.com\/video-page\/\",\"name\":\"S-TEC VINA \u2013 Video v\u00e0 tin t\u1ee9c v\u1ec1 h\u1ec7 th\u1ed1ng ch\u1eefa ch\u00e1y kh\u00ed\",\"isPartOf\":{\"@id\":\"https:\/\/stecvina.com\/#website\"},\"datePublished\":\"2024-12-06T11:39:05+00:00\",\"dateModified\":\"2025-10-29T08:01:39+00:00\",\"description\":\"Kh\u00e1m ph\u00e1 c\u00e1c video tin t\u1ee9c m\u1edbi nh\u1ea5t v\u1ec1 ph\u00f2ng ch\u00e1y ch\u1eefa ch\u00e1y v\u00e0 hi\u1ec3u th\u00eam v\u1ec1 th\u00f4ng tin, c\u00e1ch ho\u1ea1t \u0111\u1ed9ng c\u1ee7a c\u00e1c h\u1ec7 th\u1ed1ng ch\u1eefa ch\u00e1y kh\u00ed ti\u00ean ti\u1ebfn c\u1ee7a S-TEC VINA\",\"breadcrumb\":{\"@id\":\"https:\/\/stecvina.com\/video-page\/#breadcrumb\"},\"inLanguage\":\"en-US\",\"potentialAction\":[{\"@type\":\"ReadAction\",\"target\":[\"https:\/\/stecvina.com\/video-page\/\"]}]},{\"@type\":\"BreadcrumbList\",\"@id\":\"https:\/\/stecvina.com\/video-page\/#breadcrumb\",\"itemListElement\":[{\"@type\":\"ListItem\",\"position\":1,\"name\":\"Trang ch\u1ee7\",\"item\":\"https:\/\/stecvina.com\/\"},{\"@type\":\"ListItem\",\"position\":2,\"name\":\"Video Page\"}]},{\"@type\":\"WebSite\",\"@id\":\"https:\/\/stecvina.com\/#website\",\"url\":\"https:\/\/stecvina.com\/\",\"name\":\"stecvina\",\"description\":\"\",\"potentialAction\":[{\"@type\":\"SearchAction\",\"target\":{\"@type\":\"EntryPoint\",\"urlTemplate\":\"https:\/\/stecvina.com\/?s={search_term_string}\"},\"query-input\":{\"@type\":\"PropertyValueSpecification\",\"valueRequired\":true,\"valueName\":\"search_term_string\"}}],\"inLanguage\":\"en-US\"}]}<\/script>\n<!-- \/ Yoast SEO plugin. -->","yoast_head_json":{"title":"S-TEC VINA \u2013 Video v\u00e0 tin t\u1ee9c v\u1ec1 h\u1ec7 th\u1ed1ng ch\u1eefa ch\u00e1y kh\u00ed","description":"Kh\u00e1m ph\u00e1 c\u00e1c video tin t\u1ee9c m\u1edbi nh\u1ea5t v\u1ec1 ph\u00f2ng ch\u00e1y ch\u1eefa ch\u00e1y v\u00e0 hi\u1ec3u th\u00eam v\u1ec1 th\u00f4ng tin, c\u00e1ch ho\u1ea1t \u0111\u1ed9ng c\u1ee7a c\u00e1c h\u1ec7 th\u1ed1ng ch\u1eefa ch\u00e1y kh\u00ed ti\u00ean ti\u1ebfn c\u1ee7a S-TEC VINA","robots":{"index":"index","follow":"follow","max-snippet":"max-snippet:-1","max-image-preview":"max-image-preview:large","max-video-preview":"max-video-preview:-1"},"canonical":"https:\/\/stecvina.com\/en\/video-page\/","og_locale":"en_US","og_type":"article","og_title":"S-TEC VINA \u2013 Video v\u00e0 tin t\u1ee9c v\u1ec1 h\u1ec7 th\u1ed1ng ch\u1eefa ch\u00e1y kh\u00ed","og_description":"Kh\u00e1m ph\u00e1 c\u00e1c video tin t\u1ee9c m\u1edbi nh\u1ea5t v\u1ec1 ph\u00f2ng ch\u00e1y ch\u1eefa ch\u00e1y v\u00e0 hi\u1ec3u th\u00eam v\u1ec1 th\u00f4ng tin, c\u00e1ch ho\u1ea1t \u0111\u1ed9ng c\u1ee7a c\u00e1c h\u1ec7 th\u1ed1ng ch\u1eefa ch\u00e1y kh\u00ed ti\u00ean ti\u1ebfn c\u1ee7a S-TEC VINA","og_url":"https:\/\/stecvina.com\/en\/video-page\/","og_site_name":"stecvina","article_modified_time":"2025-10-29T08:01:39+00:00","twitter_card":"summary_large_image","twitter_misc":{"Est. reading time":"5 minutes"},"schema":{"@context":"https:\/\/schema.org","@graph":[{"@type":"WebPage","@id":"https:\/\/stecvina.com\/video-page\/","url":"https:\/\/stecvina.com\/video-page\/","name":"S-TEC VINA \u2013 Video v\u00e0 tin t\u1ee9c v\u1ec1 h\u1ec7 th\u1ed1ng ch\u1eefa ch\u00e1y kh\u00ed","isPartOf":{"@id":"https:\/\/stecvina.com\/#website"},"datePublished":"2024-12-06T11:39:05+00:00","dateModified":"2025-10-29T08:01:39+00:00","description":"Kh\u00e1m ph\u00e1 c\u00e1c video tin t\u1ee9c m\u1edbi nh\u1ea5t v\u1ec1 ph\u00f2ng ch\u00e1y ch\u1eefa ch\u00e1y v\u00e0 hi\u1ec3u th\u00eam v\u1ec1 th\u00f4ng tin, c\u00e1ch ho\u1ea1t \u0111\u1ed9ng c\u1ee7a c\u00e1c h\u1ec7 th\u1ed1ng ch\u1eefa ch\u00e1y kh\u00ed ti\u00ean ti\u1ebfn c\u1ee7a S-TEC VINA","breadcrumb":{"@id":"https:\/\/stecvina.com\/video-page\/#breadcrumb"},"inLanguage":"en-US","potentialAction":[{"@type":"ReadAction","target":["https:\/\/stecvina.com\/video-page\/"]}]},{"@type":"BreadcrumbList","@id":"https:\/\/stecvina.com\/video-page\/#breadcrumb","itemListElement":[{"@type":"ListItem","position":1,"name":"Trang ch\u1ee7","item":"https:\/\/stecvina.com\/"},{"@type":"ListItem","position":2,"name":"Video Page"}]},{"@type":"WebSite","@id":"https:\/\/stecvina.com\/#website","url":"https:\/\/stecvina.com\/","name":"stecvina","description":"","potentialAction":[{"@type":"SearchAction","target":{"@type":"EntryPoint","urlTemplate":"https:\/\/stecvina.com\/?s={search_term_string}"},"query-input":{"@type":"PropertyValueSpecification","valueRequired":true,"valueName":"search_term_string"}}],"inLanguage":"en-US"}]}},"_links":{"self":[{"href":"https:\/\/stecvina.com\/en\/wp-json\/wp\/v2\/pages\/3988","targetHints":{"allow":["GET"]}}],"collection":[{"href":"https:\/\/stecvina.com\/en\/wp-json\/wp\/v2\/pages"}],"about":[{"href":"https:\/\/stecvina.com\/en\/wp-json\/wp\/v2\/types\/page"}],"author":[{"embeddable":true,"href":"https:\/\/stecvina.com\/en\/wp-json\/wp\/v2\/users\/3"}],"replies":[{"embeddable":true,"href":"https:\/\/stecvina.com\/en\/wp-json\/wp\/v2\/comments?post=3988"}],"version-history":[{"count":1,"href":"https:\/\/stecvina.com\/en\/wp-json\/wp\/v2\/pages\/3988\/revisions"}],"predecessor-version":[{"id":29747,"href":"https:\/\/stecvina.com\/en\/wp-json\/wp\/v2\/pages\/3988\/revisions\/29747"}],"wp:attachment":[{"href":"https:\/\/stecvina.com\/en\/wp-json\/wp\/v2\/media?parent=3988"}],"curies":[{"name":"wp","href":"https:\/\/api.w.org\/{rel}","templated":true}]}}