{"id":55,"date":"2024-08-12T05:22:09","date_gmt":"2024-08-12T05:22:09","guid":{"rendered":"https:\/\/stecvina.com\/?page_id=55"},"modified":"2025-11-06T06:42:05","modified_gmt":"2025-11-06T06:42:05","slug":"san-pham","status":"publish","type":"page","link":"https:\/\/stecvina.com\/en\/product\/","title":{"rendered":"Products"},"content":{"rendered":"","protected":false},"excerpt":{"rendered":"","protected":false},"author":3,"featured_media":0,"parent":0,"menu_order":0,"comment_status":"closed","ping_status":"closed","template":"","meta":{"_acf_changed":false,"footnotes":""},"class_list":["post-55","page","type-page","status-publish","hentry"],"acf":[],"yoast_head":"<!-- This site is optimized with the Yoast SEO plugin v24.4 - https:\/\/yoast.com\/wordpress\/plugins\/seo\/ -->\n<title>S-TEC VINA \u2013 Gi\u1edbi thi\u1ec7u s\u1ea3n ph\u1ea9m h\u1ec7 th\u1ed1ng ch\u1eefa ch\u00e1y kh\u00ed<\/title>\n<meta name=\"description\" content=\"S-TEC VINA cung c\u1ea5p \u0111a d\u1ea1ng h\u1ec7 th\u1ed1ng ch\u1eefa ch\u00e1y kh\u00ed. Kh\u00e1m ph\u00e1 H\u1ec7 th\u1ed1ng ch\u1eefa ch\u00e1y b\u1eb1ng kh\u00ed ho\u1ea1t \u0111\u1ed9ng nh\u01b0 th\u1ebf n\u00e0o, quy tr\u00ecnh ho\u1ea1t \u0111\u1ed9ng khi \u0111\u01b0\u1ee3c k\u00edch ho\u1ea1t\" \/>\n<meta name=\"robots\" content=\"index, follow, max-snippet:-1, max-image-preview:large, max-video-preview:-1\" \/>\n<link rel=\"canonical\" href=\"https:\/\/stecvina.com\/en\/product\/\" \/>\n<meta property=\"og:locale\" content=\"en_US\" \/>\n<meta property=\"og:type\" content=\"article\" \/>\n<meta property=\"og:title\" content=\"S-TEC VINA \u2013 Gi\u1edbi thi\u1ec7u s\u1ea3n ph\u1ea9m h\u1ec7 th\u1ed1ng ch\u1eefa ch\u00e1y kh\u00ed\" \/>\n<meta property=\"og:description\" content=\"S-TEC VINA cung c\u1ea5p \u0111a d\u1ea1ng h\u1ec7 th\u1ed1ng ch\u1eefa ch\u00e1y kh\u00ed. Kh\u00e1m ph\u00e1 H\u1ec7 th\u1ed1ng ch\u1eefa ch\u00e1y b\u1eb1ng kh\u00ed ho\u1ea1t \u0111\u1ed9ng nh\u01b0 th\u1ebf n\u00e0o, quy tr\u00ecnh ho\u1ea1t \u0111\u1ed9ng khi \u0111\u01b0\u1ee3c k\u00edch ho\u1ea1t\" \/>\n<meta property=\"og:url\" content=\"https:\/\/stecvina.com\/en\/product\/\" \/>\n<meta property=\"og:site_name\" content=\"stecvina\" \/>\n<meta property=\"article:modified_time\" content=\"2025-11-06T06:42:05+00:00\" \/>\n<meta name=\"twitter:card\" content=\"summary_large_image\" \/>\n<meta name=\"twitter:label1\" content=\"Est. reading time\" \/>\n\t<meta name=\"twitter:data1\" content=\"6 minutes\" \/>\n<script type=\"application\/ld+json\" class=\"yoast-schema-graph\">{\"@context\":\"https:\/\/schema.org\",\"@graph\":[{\"@type\":\"WebPage\",\"@id\":\"https:\/\/stecvina.com\/san-pham\/\",\"url\":\"https:\/\/stecvina.com\/san-pham\/\",\"name\":\"S-TEC VINA \u2013 Gi\u1edbi thi\u1ec7u s\u1ea3n ph\u1ea9m h\u1ec7 th\u1ed1ng ch\u1eefa ch\u00e1y kh\u00ed\",\"isPartOf\":{\"@id\":\"https:\/\/stecvina.com\/#website\"},\"datePublished\":\"2024-08-12T05:22:09+00:00\",\"dateModified\":\"2025-11-06T06:42:05+00:00\",\"description\":\"S-TEC VINA cung c\u1ea5p \u0111a d\u1ea1ng h\u1ec7 th\u1ed1ng ch\u1eefa ch\u00e1y kh\u00ed. Kh\u00e1m ph\u00e1 H\u1ec7 th\u1ed1ng ch\u1eefa ch\u00e1y b\u1eb1ng kh\u00ed ho\u1ea1t \u0111\u1ed9ng nh\u01b0 th\u1ebf n\u00e0o, quy tr\u00ecnh ho\u1ea1t \u0111\u1ed9ng khi \u0111\u01b0\u1ee3c k\u00edch ho\u1ea1t\",\"breadcrumb\":{\"@id\":\"https:\/\/stecvina.com\/san-pham\/#breadcrumb\"},\"inLanguage\":\"en-US\",\"potentialAction\":[{\"@type\":\"ReadAction\",\"target\":[\"https:\/\/stecvina.com\/san-pham\/\"]}]},{\"@type\":\"BreadcrumbList\",\"@id\":\"https:\/\/stecvina.com\/san-pham\/#breadcrumb\",\"itemListElement\":[{\"@type\":\"ListItem\",\"position\":1,\"name\":\"Trang ch\u1ee7\",\"item\":\"https:\/\/stecvina.com\/\"},{\"@type\":\"ListItem\",\"position\":2,\"name\":\"S\u1ea3n ph\u1ea9m\"}]},{\"@type\":\"WebSite\",\"@id\":\"https:\/\/stecvina.com\/#website\",\"url\":\"https:\/\/stecvina.com\/\",\"name\":\"stecvina\",\"description\":\"\",\"potentialAction\":[{\"@type\":\"SearchAction\",\"target\":{\"@type\":\"EntryPoint\",\"urlTemplate\":\"https:\/\/stecvina.com\/?s={search_term_string}\"},\"query-input\":{\"@type\":\"PropertyValueSpecification\",\"valueRequired\":true,\"valueName\":\"search_term_string\"}}],\"inLanguage\":\"en-US\"}]}<\/script>\n<!-- \/ Yoast SEO plugin. -->","yoast_head_json":{"title":"S-TEC VINA \u2013 Gi\u1edbi thi\u1ec7u s\u1ea3n ph\u1ea9m h\u1ec7 th\u1ed1ng ch\u1eefa ch\u00e1y kh\u00ed","description":"S-TEC VINA cung c\u1ea5p \u0111a d\u1ea1ng h\u1ec7 th\u1ed1ng ch\u1eefa ch\u00e1y kh\u00ed. Kh\u00e1m ph\u00e1 H\u1ec7 th\u1ed1ng ch\u1eefa ch\u00e1y b\u1eb1ng kh\u00ed ho\u1ea1t \u0111\u1ed9ng nh\u01b0 th\u1ebf n\u00e0o, quy tr\u00ecnh ho\u1ea1t \u0111\u1ed9ng khi \u0111\u01b0\u1ee3c k\u00edch ho\u1ea1t","robots":{"index":"index","follow":"follow","max-snippet":"max-snippet:-1","max-image-preview":"max-image-preview:large","max-video-preview":"max-video-preview:-1"},"canonical":"https:\/\/stecvina.com\/en\/product\/","og_locale":"en_US","og_type":"article","og_title":"S-TEC VINA \u2013 Gi\u1edbi thi\u1ec7u s\u1ea3n ph\u1ea9m h\u1ec7 th\u1ed1ng ch\u1eefa ch\u00e1y kh\u00ed","og_description":"S-TEC VINA cung c\u1ea5p \u0111a d\u1ea1ng h\u1ec7 th\u1ed1ng ch\u1eefa ch\u00e1y kh\u00ed. Kh\u00e1m ph\u00e1 H\u1ec7 th\u1ed1ng ch\u1eefa ch\u00e1y b\u1eb1ng kh\u00ed ho\u1ea1t \u0111\u1ed9ng nh\u01b0 th\u1ebf n\u00e0o, quy tr\u00ecnh ho\u1ea1t \u0111\u1ed9ng khi \u0111\u01b0\u1ee3c k\u00edch ho\u1ea1t","og_url":"https:\/\/stecvina.com\/en\/product\/","og_site_name":"stecvina","article_modified_time":"2025-11-06T06:42:05+00:00","twitter_card":"summary_large_image","twitter_misc":{"Est. reading time":"6 minutes"},"schema":{"@context":"https:\/\/schema.org","@graph":[{"@type":"WebPage","@id":"https:\/\/stecvina.com\/san-pham\/","url":"https:\/\/stecvina.com\/san-pham\/","name":"S-TEC VINA \u2013 Gi\u1edbi thi\u1ec7u s\u1ea3n ph\u1ea9m h\u1ec7 th\u1ed1ng ch\u1eefa ch\u00e1y kh\u00ed","isPartOf":{"@id":"https:\/\/stecvina.com\/#website"},"datePublished":"2024-08-12T05:22:09+00:00","dateModified":"2025-11-06T06:42:05+00:00","description":"S-TEC VINA cung c\u1ea5p \u0111a d\u1ea1ng h\u1ec7 th\u1ed1ng ch\u1eefa ch\u00e1y kh\u00ed. Kh\u00e1m ph\u00e1 H\u1ec7 th\u1ed1ng ch\u1eefa ch\u00e1y b\u1eb1ng kh\u00ed ho\u1ea1t \u0111\u1ed9ng nh\u01b0 th\u1ebf n\u00e0o, quy tr\u00ecnh ho\u1ea1t \u0111\u1ed9ng khi \u0111\u01b0\u1ee3c k\u00edch ho\u1ea1t","breadcrumb":{"@id":"https:\/\/stecvina.com\/san-pham\/#breadcrumb"},"inLanguage":"en-US","potentialAction":[{"@type":"ReadAction","target":["https:\/\/stecvina.com\/san-pham\/"]}]},{"@type":"BreadcrumbList","@id":"https:\/\/stecvina.com\/san-pham\/#breadcrumb","itemListElement":[{"@type":"ListItem","position":1,"name":"Trang ch\u1ee7","item":"https:\/\/stecvina.com\/"},{"@type":"ListItem","position":2,"name":"S\u1ea3n ph\u1ea9m"}]},{"@type":"WebSite","@id":"https:\/\/stecvina.com\/#website","url":"https:\/\/stecvina.com\/","name":"stecvina","description":"","potentialAction":[{"@type":"SearchAction","target":{"@type":"EntryPoint","urlTemplate":"https:\/\/stecvina.com\/?s={search_term_string}"},"query-input":{"@type":"PropertyValueSpecification","valueRequired":true,"valueName":"search_term_string"}}],"inLanguage":"en-US"}]}},"_links":{"self":[{"href":"https:\/\/stecvina.com\/en\/wp-json\/wp\/v2\/pages\/55","targetHints":{"allow":["GET"]}}],"collection":[{"href":"https:\/\/stecvina.com\/en\/wp-json\/wp\/v2\/pages"}],"about":[{"href":"https:\/\/stecvina.com\/en\/wp-json\/wp\/v2\/types\/page"}],"author":[{"embeddable":true,"href":"https:\/\/stecvina.com\/en\/wp-json\/wp\/v2\/users\/3"}],"replies":[{"embeddable":true,"href":"https:\/\/stecvina.com\/en\/wp-json\/wp\/v2\/comments?post=55"}],"version-history":[{"count":22,"href":"https:\/\/stecvina.com\/en\/wp-json\/wp\/v2\/pages\/55\/revisions"}],"predecessor-version":[{"id":29886,"href":"https:\/\/stecvina.com\/en\/wp-json\/wp\/v2\/pages\/55\/revisions\/29886"}],"wp:attachment":[{"href":"https:\/\/stecvina.com\/en\/wp-json\/wp\/v2\/media?parent=55"}],"curies":[{"name":"wp","href":"https:\/\/api.w.org\/{rel}","templated":true}]}}