{"id":57,"date":"2024-08-12T05:22:31","date_gmt":"2024-08-12T05:22:31","guid":{"rendered":"https:\/\/stecvina.com\/?page_id=57"},"modified":"2025-10-29T07:57:46","modified_gmt":"2025-10-29T07:57:46","slug":"lien-he","status":"publish","type":"page","link":"https:\/\/stecvina.com\/en\/contact\/","title":{"rendered":"Contact us"},"content":{"rendered":"","protected":false},"excerpt":{"rendered":"","protected":false},"author":3,"featured_media":0,"parent":0,"menu_order":0,"comment_status":"closed","ping_status":"closed","template":"","meta":{"_acf_changed":false,"footnotes":""},"class_list":["post-57","page","type-page","status-publish","hentry"],"acf":[],"yoast_head":"<!-- This site is optimized with the Yoast SEO plugin v24.4 - https:\/\/yoast.com\/wordpress\/plugins\/seo\/ -->\n<title>S-TEC VINA \u2013 Gi\u1edbi thi\u1ec7u d\u1ef1 \u00e1n ti\u00eau bi\u1ec3u: Lotte Mall T\u00e2y H\u1ed3<\/title>\n<meta name=\"description\" content=\"Li\u00ean h\u1ec7 S-TEC VINA \u0111\u1ec3 nh\u1eadn \u0111\u01b0\u1ee3c t\u01b0 v\u1ea5n h\u1ec7 th\u1ed1ng ch\u1eefa ch\u00e1y kh\u00ed ti\u00ean ti\u1ebfn t\u1eeb \u0111\u1ed9i ng\u0169 chuy\u00ean gia gi\u00e0u kinh nghi\u1ec7m, \u0111\u01b0a ra gi\u1ea3i ph\u00e1p t\u1ed1i \u01b0u ti\u1ebft ki\u1ec7m chi ph\u00ed\" \/>\n<meta name=\"robots\" content=\"index, follow, max-snippet:-1, max-image-preview:large, max-video-preview:-1\" \/>\n<link rel=\"canonical\" href=\"https:\/\/stecvina.com\/en\/contact\/\" \/>\n<meta property=\"og:locale\" content=\"en_US\" \/>\n<meta property=\"og:type\" content=\"article\" \/>\n<meta property=\"og:title\" content=\"S-TEC VINA \u2013 Gi\u1edbi thi\u1ec7u d\u1ef1 \u00e1n ti\u00eau bi\u1ec3u: Lotte Mall T\u00e2y H\u1ed3\" \/>\n<meta property=\"og:description\" content=\"Li\u00ean h\u1ec7 S-TEC VINA \u0111\u1ec3 nh\u1eadn \u0111\u01b0\u1ee3c t\u01b0 v\u1ea5n h\u1ec7 th\u1ed1ng ch\u1eefa ch\u00e1y kh\u00ed ti\u00ean ti\u1ebfn t\u1eeb \u0111\u1ed9i ng\u0169 chuy\u00ean gia gi\u00e0u kinh nghi\u1ec7m, \u0111\u01b0a ra gi\u1ea3i ph\u00e1p t\u1ed1i \u01b0u ti\u1ebft ki\u1ec7m chi ph\u00ed\" \/>\n<meta property=\"og:url\" content=\"https:\/\/stecvina.com\/en\/contact\/\" \/>\n<meta property=\"og:site_name\" content=\"stecvina\" \/>\n<meta property=\"article:modified_time\" content=\"2025-10-29T07:57:46+00:00\" \/>\n<meta name=\"twitter:card\" content=\"summary_large_image\" \/>\n<meta name=\"twitter:label1\" content=\"Est. reading time\" \/>\n\t<meta name=\"twitter:data1\" content=\"2 minutes\" \/>\n<script type=\"application\/ld+json\" class=\"yoast-schema-graph\">{\"@context\":\"https:\/\/schema.org\",\"@graph\":[{\"@type\":\"WebPage\",\"@id\":\"https:\/\/stecvina.com\/lien-he\/\",\"url\":\"https:\/\/stecvina.com\/lien-he\/\",\"name\":\"S-TEC VINA \u2013 Gi\u1edbi thi\u1ec7u d\u1ef1 \u00e1n ti\u00eau bi\u1ec3u: Lotte Mall T\u00e2y H\u1ed3\",\"isPartOf\":{\"@id\":\"https:\/\/stecvina.com\/#website\"},\"datePublished\":\"2024-08-12T05:22:31+00:00\",\"dateModified\":\"2025-10-29T07:57:46+00:00\",\"description\":\"Li\u00ean h\u1ec7 S-TEC VINA \u0111\u1ec3 nh\u1eadn \u0111\u01b0\u1ee3c t\u01b0 v\u1ea5n h\u1ec7 th\u1ed1ng ch\u1eefa ch\u00e1y kh\u00ed ti\u00ean ti\u1ebfn t\u1eeb \u0111\u1ed9i ng\u0169 chuy\u00ean gia gi\u00e0u kinh nghi\u1ec7m, \u0111\u01b0a ra gi\u1ea3i ph\u00e1p t\u1ed1i \u01b0u ti\u1ebft ki\u1ec7m chi ph\u00ed\",\"breadcrumb\":{\"@id\":\"https:\/\/stecvina.com\/lien-he\/#breadcrumb\"},\"inLanguage\":\"en-US\",\"potentialAction\":[{\"@type\":\"ReadAction\",\"target\":[\"https:\/\/stecvina.com\/lien-he\/\"]}]},{\"@type\":\"BreadcrumbList\",\"@id\":\"https:\/\/stecvina.com\/lien-he\/#breadcrumb\",\"itemListElement\":[{\"@type\":\"ListItem\",\"position\":1,\"name\":\"Trang ch\u1ee7\",\"item\":\"https:\/\/stecvina.com\/\"},{\"@type\":\"ListItem\",\"position\":2,\"name\":\"Li\u00ean h\u1ec7\"}]},{\"@type\":\"WebSite\",\"@id\":\"https:\/\/stecvina.com\/#website\",\"url\":\"https:\/\/stecvina.com\/\",\"name\":\"stecvina\",\"description\":\"\",\"potentialAction\":[{\"@type\":\"SearchAction\",\"target\":{\"@type\":\"EntryPoint\",\"urlTemplate\":\"https:\/\/stecvina.com\/?s={search_term_string}\"},\"query-input\":{\"@type\":\"PropertyValueSpecification\",\"valueRequired\":true,\"valueName\":\"search_term_string\"}}],\"inLanguage\":\"en-US\"}]}<\/script>\n<!-- \/ Yoast SEO plugin. -->","yoast_head_json":{"title":"S-TEC VINA \u2013 Gi\u1edbi thi\u1ec7u d\u1ef1 \u00e1n ti\u00eau bi\u1ec3u: Lotte Mall T\u00e2y H\u1ed3","description":"Li\u00ean h\u1ec7 S-TEC VINA \u0111\u1ec3 nh\u1eadn \u0111\u01b0\u1ee3c t\u01b0 v\u1ea5n h\u1ec7 th\u1ed1ng ch\u1eefa ch\u00e1y kh\u00ed ti\u00ean ti\u1ebfn t\u1eeb \u0111\u1ed9i ng\u0169 chuy\u00ean gia gi\u00e0u kinh nghi\u1ec7m, \u0111\u01b0a ra gi\u1ea3i ph\u00e1p t\u1ed1i \u01b0u ti\u1ebft ki\u1ec7m chi ph\u00ed","robots":{"index":"index","follow":"follow","max-snippet":"max-snippet:-1","max-image-preview":"max-image-preview:large","max-video-preview":"max-video-preview:-1"},"canonical":"https:\/\/stecvina.com\/en\/contact\/","og_locale":"en_US","og_type":"article","og_title":"S-TEC VINA \u2013 Gi\u1edbi thi\u1ec7u d\u1ef1 \u00e1n ti\u00eau bi\u1ec3u: Lotte Mall T\u00e2y H\u1ed3","og_description":"Li\u00ean h\u1ec7 S-TEC VINA \u0111\u1ec3 nh\u1eadn \u0111\u01b0\u1ee3c t\u01b0 v\u1ea5n h\u1ec7 th\u1ed1ng ch\u1eefa ch\u00e1y kh\u00ed ti\u00ean ti\u1ebfn t\u1eeb \u0111\u1ed9i ng\u0169 chuy\u00ean gia gi\u00e0u kinh nghi\u1ec7m, \u0111\u01b0a ra gi\u1ea3i ph\u00e1p t\u1ed1i \u01b0u ti\u1ebft ki\u1ec7m chi ph\u00ed","og_url":"https:\/\/stecvina.com\/en\/contact\/","og_site_name":"stecvina","article_modified_time":"2025-10-29T07:57:46+00:00","twitter_card":"summary_large_image","twitter_misc":{"Est. reading time":"2 minutes"},"schema":{"@context":"https:\/\/schema.org","@graph":[{"@type":"WebPage","@id":"https:\/\/stecvina.com\/lien-he\/","url":"https:\/\/stecvina.com\/lien-he\/","name":"S-TEC VINA \u2013 Gi\u1edbi thi\u1ec7u d\u1ef1 \u00e1n ti\u00eau bi\u1ec3u: Lotte Mall T\u00e2y H\u1ed3","isPartOf":{"@id":"https:\/\/stecvina.com\/#website"},"datePublished":"2024-08-12T05:22:31+00:00","dateModified":"2025-10-29T07:57:46+00:00","description":"Li\u00ean h\u1ec7 S-TEC VINA \u0111\u1ec3 nh\u1eadn \u0111\u01b0\u1ee3c t\u01b0 v\u1ea5n h\u1ec7 th\u1ed1ng ch\u1eefa ch\u00e1y kh\u00ed ti\u00ean ti\u1ebfn t\u1eeb \u0111\u1ed9i ng\u0169 chuy\u00ean gia gi\u00e0u kinh nghi\u1ec7m, \u0111\u01b0a ra gi\u1ea3i ph\u00e1p t\u1ed1i \u01b0u ti\u1ebft ki\u1ec7m chi ph\u00ed","breadcrumb":{"@id":"https:\/\/stecvina.com\/lien-he\/#breadcrumb"},"inLanguage":"en-US","potentialAction":[{"@type":"ReadAction","target":["https:\/\/stecvina.com\/lien-he\/"]}]},{"@type":"BreadcrumbList","@id":"https:\/\/stecvina.com\/lien-he\/#breadcrumb","itemListElement":[{"@type":"ListItem","position":1,"name":"Trang ch\u1ee7","item":"https:\/\/stecvina.com\/"},{"@type":"ListItem","position":2,"name":"Li\u00ean h\u1ec7"}]},{"@type":"WebSite","@id":"https:\/\/stecvina.com\/#website","url":"https:\/\/stecvina.com\/","name":"stecvina","description":"","potentialAction":[{"@type":"SearchAction","target":{"@type":"EntryPoint","urlTemplate":"https:\/\/stecvina.com\/?s={search_term_string}"},"query-input":{"@type":"PropertyValueSpecification","valueRequired":true,"valueName":"search_term_string"}}],"inLanguage":"en-US"}]}},"_links":{"self":[{"href":"https:\/\/stecvina.com\/en\/wp-json\/wp\/v2\/pages\/57","targetHints":{"allow":["GET"]}}],"collection":[{"href":"https:\/\/stecvina.com\/en\/wp-json\/wp\/v2\/pages"}],"about":[{"href":"https:\/\/stecvina.com\/en\/wp-json\/wp\/v2\/types\/page"}],"author":[{"embeddable":true,"href":"https:\/\/stecvina.com\/en\/wp-json\/wp\/v2\/users\/3"}],"replies":[{"embeddable":true,"href":"https:\/\/stecvina.com\/en\/wp-json\/wp\/v2\/comments?post=57"}],"version-history":[{"count":1,"href":"https:\/\/stecvina.com\/en\/wp-json\/wp\/v2\/pages\/57\/revisions"}],"predecessor-version":[{"id":29744,"href":"https:\/\/stecvina.com\/en\/wp-json\/wp\/v2\/pages\/57\/revisions\/29744"}],"wp:attachment":[{"href":"https:\/\/stecvina.com\/en\/wp-json\/wp\/v2\/media?parent=57"}],"curies":[{"name":"wp","href":"https:\/\/api.w.org\/{rel}","templated":true}]}}