{"id":2960,"date":"2024-11-11T05:51:22","date_gmt":"2024-11-11T05:51:22","guid":{"rendered":"https:\/\/stecvina.com\/?page_id=2960"},"modified":"2026-04-10T09:45:16","modified_gmt":"2026-04-10T09:45:16","slug":"binh-chua-chay-xach-tay-bot-abc","status":"publish","type":"page","link":"https:\/\/stecvina.com\/?page_id=2960","title":{"rendered":"B\u00ecnh ch\u1eefa ch\u00e1y x\u00e1ch tay b\u1ed9t ABC"},"content":{"rendered":"","protected":false},"excerpt":{"rendered":"","protected":false},"author":3,"featured_media":0,"parent":0,"menu_order":0,"comment_status":"closed","ping_status":"closed","template":"","meta":{"_acf_changed":false,"footnotes":""},"class_list":["post-2960","page","type-page","status-publish","hentry"],"acf":[],"yoast_head":"<!-- This site is optimized with the Yoast SEO plugin v24.4 - https:\/\/yoast.com\/wordpress\/plugins\/seo\/ -->\n<title>B\u00ecnh ch\u1eefa ch\u00e1y x\u00e1ch tay b\u1ed9t ABC - stecvina<\/title>\n<meta name=\"description\" content=\"B\u1ed9t ABC c\u00f3 kh\u1ea3 n\u0103ng d\u1eadp t\u1eaft \u0111\u00e1m ch\u00e1y r\u1ea5t nhanh do kh\u1ea3 n\u0103ng ng\u0103n ch\u1eb7n ph\u1ea3n \u1ee9ng h\u00f3a h\u1ecdc v\u00e0 c\u00e1ch ly oxy kh\u1ecfi v\u00f9ng ch\u00e1y, gi\u00fap gi\u1ea3m nguy c\u01a1 lan r\u1ed9ng c\u1ee7a \u0111\u00e1m ch\u00e1y.\" \/>\n<meta name=\"robots\" content=\"index, follow, max-snippet:-1, max-image-preview:large, max-video-preview:-1\" \/>\n<link rel=\"canonical\" href=\"https:\/\/stecvina.com\/binh-chua-chay-xach-tay-bot-abc\/\" \/>\n<meta property=\"og:locale\" content=\"vi_VN\" \/>\n<meta property=\"og:type\" content=\"article\" \/>\n<meta property=\"og:title\" content=\"B\u00ecnh ch\u1eefa ch\u00e1y x\u00e1ch tay b\u1ed9t ABC - stecvina\" \/>\n<meta property=\"og:description\" content=\"B\u1ed9t ABC c\u00f3 kh\u1ea3 n\u0103ng d\u1eadp t\u1eaft \u0111\u00e1m ch\u00e1y r\u1ea5t nhanh do kh\u1ea3 n\u0103ng ng\u0103n ch\u1eb7n ph\u1ea3n \u1ee9ng h\u00f3a h\u1ecdc v\u00e0 c\u00e1ch ly oxy kh\u1ecfi v\u00f9ng ch\u00e1y, gi\u00fap gi\u1ea3m nguy c\u01a1 lan r\u1ed9ng c\u1ee7a \u0111\u00e1m ch\u00e1y.\" \/>\n<meta property=\"og:url\" content=\"https:\/\/stecvina.com\/binh-chua-chay-xach-tay-bot-abc\/\" \/>\n<meta property=\"og:site_name\" content=\"stecvina\" \/>\n<meta property=\"article:modified_time\" content=\"2026-04-10T09:45:16+00:00\" \/>\n<meta name=\"twitter:card\" content=\"summary_large_image\" \/>\n<meta name=\"twitter:label1\" content=\"\u01af\u1edbc t\u00ednh th\u1eddi gian \u0111\u1ecdc\" \/>\n\t<meta name=\"twitter:data1\" content=\"6 ph\u00fat\" \/>\n<script type=\"application\/ld+json\" class=\"yoast-schema-graph\">{\"@context\":\"https:\/\/schema.org\",\"@graph\":[{\"@type\":\"WebPage\",\"@id\":\"https:\/\/stecvina.com\/binh-chua-chay-xach-tay-bot-abc\/\",\"url\":\"https:\/\/stecvina.com\/binh-chua-chay-xach-tay-bot-abc\/\",\"name\":\"B\u00ecnh ch\u1eefa ch\u00e1y x\u00e1ch tay b\u1ed9t ABC - stecvina\",\"isPartOf\":{\"@id\":\"https:\/\/stecvina.com\/#website\"},\"datePublished\":\"2024-11-11T05:51:22+00:00\",\"dateModified\":\"2026-04-10T09:45:16+00:00\",\"description\":\"B\u1ed9t ABC c\u00f3 kh\u1ea3 n\u0103ng d\u1eadp t\u1eaft \u0111\u00e1m ch\u00e1y r\u1ea5t nhanh do kh\u1ea3 n\u0103ng ng\u0103n ch\u1eb7n ph\u1ea3n \u1ee9ng h\u00f3a h\u1ecdc v\u00e0 c\u00e1ch ly oxy kh\u1ecfi v\u00f9ng ch\u00e1y, gi\u00fap gi\u1ea3m nguy c\u01a1 lan r\u1ed9ng c\u1ee7a \u0111\u00e1m ch\u00e1y.\",\"breadcrumb\":{\"@id\":\"https:\/\/stecvina.com\/binh-chua-chay-xach-tay-bot-abc\/#breadcrumb\"},\"inLanguage\":\"vi\",\"potentialAction\":[{\"@type\":\"ReadAction\",\"target\":[\"https:\/\/stecvina.com\/binh-chua-chay-xach-tay-bot-abc\/\"]}]},{\"@type\":\"BreadcrumbList\",\"@id\":\"https:\/\/stecvina.com\/binh-chua-chay-xach-tay-bot-abc\/#breadcrumb\",\"itemListElement\":[{\"@type\":\"ListItem\",\"position\":1,\"name\":\"Trang ch\u1ee7\",\"item\":\"https:\/\/stecvina.com\/\"},{\"@type\":\"ListItem\",\"position\":2,\"name\":\"B\u00ecnh ch\u1eefa ch\u00e1y x\u00e1ch tay b\u1ed9t ABC\"}]},{\"@type\":\"WebSite\",\"@id\":\"https:\/\/stecvina.com\/#website\",\"url\":\"https:\/\/stecvina.com\/\",\"name\":\"stecvina\",\"description\":\"\",\"potentialAction\":[{\"@type\":\"SearchAction\",\"target\":{\"@type\":\"EntryPoint\",\"urlTemplate\":\"https:\/\/stecvina.com\/?s={search_term_string}\"},\"query-input\":{\"@type\":\"PropertyValueSpecification\",\"valueRequired\":true,\"valueName\":\"search_term_string\"}}],\"inLanguage\":\"vi\"}]}<\/script>\n<!-- \/ Yoast SEO plugin. -->","yoast_head_json":{"title":"B\u00ecnh ch\u1eefa ch\u00e1y x\u00e1ch tay b\u1ed9t ABC - stecvina","description":"B\u1ed9t ABC c\u00f3 kh\u1ea3 n\u0103ng d\u1eadp t\u1eaft \u0111\u00e1m ch\u00e1y r\u1ea5t nhanh do kh\u1ea3 n\u0103ng ng\u0103n ch\u1eb7n ph\u1ea3n \u1ee9ng h\u00f3a h\u1ecdc v\u00e0 c\u00e1ch ly oxy kh\u1ecfi v\u00f9ng ch\u00e1y, gi\u00fap gi\u1ea3m nguy c\u01a1 lan r\u1ed9ng c\u1ee7a \u0111\u00e1m ch\u00e1y.","robots":{"index":"index","follow":"follow","max-snippet":"max-snippet:-1","max-image-preview":"max-image-preview:large","max-video-preview":"max-video-preview:-1"},"canonical":"https:\/\/stecvina.com\/binh-chua-chay-xach-tay-bot-abc\/","og_locale":"vi_VN","og_type":"article","og_title":"B\u00ecnh ch\u1eefa ch\u00e1y x\u00e1ch tay b\u1ed9t ABC - stecvina","og_description":"B\u1ed9t ABC c\u00f3 kh\u1ea3 n\u0103ng d\u1eadp t\u1eaft \u0111\u00e1m ch\u00e1y r\u1ea5t nhanh do kh\u1ea3 n\u0103ng ng\u0103n ch\u1eb7n ph\u1ea3n \u1ee9ng h\u00f3a h\u1ecdc v\u00e0 c\u00e1ch ly oxy kh\u1ecfi v\u00f9ng ch\u00e1y, gi\u00fap gi\u1ea3m nguy c\u01a1 lan r\u1ed9ng c\u1ee7a \u0111\u00e1m ch\u00e1y.","og_url":"https:\/\/stecvina.com\/binh-chua-chay-xach-tay-bot-abc\/","og_site_name":"stecvina","article_modified_time":"2026-04-10T09:45:16+00:00","twitter_card":"summary_large_image","twitter_misc":{"\u01af\u1edbc t\u00ednh th\u1eddi gian \u0111\u1ecdc":"6 ph\u00fat"},"schema":{"@context":"https:\/\/schema.org","@graph":[{"@type":"WebPage","@id":"https:\/\/stecvina.com\/binh-chua-chay-xach-tay-bot-abc\/","url":"https:\/\/stecvina.com\/binh-chua-chay-xach-tay-bot-abc\/","name":"B\u00ecnh ch\u1eefa ch\u00e1y x\u00e1ch tay b\u1ed9t ABC - stecvina","isPartOf":{"@id":"https:\/\/stecvina.com\/#website"},"datePublished":"2024-11-11T05:51:22+00:00","dateModified":"2026-04-10T09:45:16+00:00","description":"B\u1ed9t ABC c\u00f3 kh\u1ea3 n\u0103ng d\u1eadp t\u1eaft \u0111\u00e1m ch\u00e1y r\u1ea5t nhanh do kh\u1ea3 n\u0103ng ng\u0103n ch\u1eb7n ph\u1ea3n \u1ee9ng h\u00f3a h\u1ecdc v\u00e0 c\u00e1ch ly oxy kh\u1ecfi v\u00f9ng ch\u00e1y, gi\u00fap gi\u1ea3m nguy c\u01a1 lan r\u1ed9ng c\u1ee7a \u0111\u00e1m ch\u00e1y.","breadcrumb":{"@id":"https:\/\/stecvina.com\/binh-chua-chay-xach-tay-bot-abc\/#breadcrumb"},"inLanguage":"vi","potentialAction":[{"@type":"ReadAction","target":["https:\/\/stecvina.com\/binh-chua-chay-xach-tay-bot-abc\/"]}]},{"@type":"BreadcrumbList","@id":"https:\/\/stecvina.com\/binh-chua-chay-xach-tay-bot-abc\/#breadcrumb","itemListElement":[{"@type":"ListItem","position":1,"name":"Trang ch\u1ee7","item":"https:\/\/stecvina.com\/"},{"@type":"ListItem","position":2,"name":"B\u00ecnh ch\u1eefa ch\u00e1y x\u00e1ch tay b\u1ed9t ABC"}]},{"@type":"WebSite","@id":"https:\/\/stecvina.com\/#website","url":"https:\/\/stecvina.com\/","name":"stecvina","description":"","potentialAction":[{"@type":"SearchAction","target":{"@type":"EntryPoint","urlTemplate":"https:\/\/stecvina.com\/?s={search_term_string}"},"query-input":{"@type":"PropertyValueSpecification","valueRequired":true,"valueName":"search_term_string"}}],"inLanguage":"vi"}]}},"_links":{"self":[{"href":"https:\/\/stecvina.com\/index.php?rest_route=\/wp\/v2\/pages\/2960","targetHints":{"allow":["GET"]}}],"collection":[{"href":"https:\/\/stecvina.com\/index.php?rest_route=\/wp\/v2\/pages"}],"about":[{"href":"https:\/\/stecvina.com\/index.php?rest_route=\/wp\/v2\/types\/page"}],"author":[{"embeddable":true,"href":"https:\/\/stecvina.com\/index.php?rest_route=\/wp\/v2\/users\/3"}],"replies":[{"embeddable":true,"href":"https:\/\/stecvina.com\/index.php?rest_route=%2Fwp%2Fv2%2Fcomments&post=2960"}],"version-history":[{"count":19,"href":"https:\/\/stecvina.com\/index.php?rest_route=\/wp\/v2\/pages\/2960\/revisions"}],"predecessor-version":[{"id":30317,"href":"https:\/\/stecvina.com\/index.php?rest_route=\/wp\/v2\/pages\/2960\/revisions\/30317"}],"wp:attachment":[{"href":"https:\/\/stecvina.com\/index.php?rest_route=%2Fwp%2Fv2%2Fmedia&parent=2960"}],"curies":[{"name":"wp","href":"https:\/\/api.w.org\/{rel}","templated":true}]}}